{"id":1212,"date":"2024-05-14T09:39:10","date_gmt":"2024-05-14T09:39:10","guid":{"rendered":"https:\/\/www.oasisdeamorypaz.org\/capilla\/"},"modified":"2024-09-24T09:03:51","modified_gmt":"2024-09-24T09:03:51","slug":"capilla","status":"publish","type":"page","link":"https:\/\/www.oasisdeamorypaz.org\/it\/capilla\/","title":{"rendered":"Chiesetta"},"content":{"rendered":"\t\t<div data-elementor-type=\"wp-page\" data-elementor-id=\"1212\" class=\"elementor elementor-1212 elementor-708\" data-elementor-post-type=\"page\">\n\t\t\t\t<div class=\"elementor-element elementor-element-77fc2ae e-con-full e-flex wpr-particle-no wpr-jarallax-no wpr-parallax-no wpr-sticky-section-no e-con e-parent\" data-id=\"77fc2ae\" data-element_type=\"container\" data-settings=\"{&quot;background_background&quot;:&quot;classic&quot;}\">\n\t\t<div class=\"elementor-element elementor-element-dc5bb18 e-con-full e-flex wpr-particle-no wpr-jarallax-no wpr-parallax-no wpr-sticky-section-no e-con e-child\" data-id=\"dc5bb18\" data-element_type=\"container\">\n\t\t\t\t<div class=\"elementor-element elementor-element-79df19a elementor-widget elementor-widget-text-editor\" data-id=\"79df19a\" data-element_type=\"widget\" data-widget_type=\"text-editor.default\">\n\t\t\t\t<div class=\"elementor-widget-container\">\n\t\t\t\t\t\t\t<p>Il progetto<\/p>\t\t\t\t\t\t<\/div>\n\t\t\t\t<\/div>\n\t\t\t\t<div class=\"elementor-element elementor-element-4506c9c elementor-widget__width-initial elementor-widget elementor-widget-heading\" data-id=\"4506c9c\" data-element_type=\"widget\" data-widget_type=\"heading.default\">\n\t\t\t\t<div class=\"elementor-widget-container\">\n\t\t\t<h1 class=\"elementor-heading-title elementor-size-default\">Capilla N. Se\u00f1ora de Lourdes<\/h1>\t\t<\/div>\n\t\t\t\t<\/div>\n\t\t\t\t<div class=\"elementor-element elementor-element-ff98577 elementor-widget__width-initial elementor-widget elementor-widget-heading\" data-id=\"ff98577\" data-element_type=\"widget\" data-widget_type=\"heading.default\">\n\t\t\t\t<div class=\"elementor-widget-container\">\n\t\t\t<h2 class=\"elementor-heading-title elementor-size-default\">Cappella Madonna di Lourdes<\/h2>\t\t<\/div>\n\t\t\t\t<\/div>\n\t\t\t\t<\/div>\n\t\t\t\t<\/div>\n\t\t<div class=\"elementor-element elementor-element-735503c e-con-full e-flex wpr-particle-no wpr-jarallax-no wpr-parallax-no wpr-sticky-section-no e-con e-parent\" data-id=\"735503c\" data-element_type=\"container\">\n\t\t<div class=\"elementor-element elementor-element-35492fc e-con-full e-flex wpr-particle-no wpr-jarallax-no wpr-parallax-no wpr-sticky-section-no e-con e-child\" data-id=\"35492fc\" data-element_type=\"container\">\n\t\t<div class=\"elementor-element elementor-element-ccf7cd1 e-flex e-con-boxed wpr-particle-no wpr-jarallax-no wpr-parallax-no wpr-sticky-section-no e-con e-child\" data-id=\"ccf7cd1\" data-element_type=\"container\" data-settings=\"{&quot;background_background&quot;:&quot;classic&quot;}\">\n\t\t\t\t\t<div class=\"e-con-inner\">\n\t\t<div class=\"elementor-element elementor-element-a3c41ab e-con-full e-flex wpr-particle-no wpr-jarallax-no wpr-parallax-no wpr-sticky-section-no e-con e-child\" data-id=\"a3c41ab\" data-element_type=\"container\" data-settings=\"{&quot;background_background&quot;:&quot;classic&quot;}\">\n\t\t\t\t<\/div>\n\t\t<div class=\"elementor-element elementor-element-83d461d e-con-full e-flex wpr-particle-no wpr-jarallax-no wpr-parallax-no wpr-sticky-section-no e-con e-child\" data-id=\"83d461d\" data-element_type=\"container\">\n\t\t\t\t<div class=\"elementor-element elementor-element-8773b34 elementor-widget__width-initial elementor-widget elementor-widget-text-editor\" data-id=\"8773b34\" data-element_type=\"widget\" data-widget_type=\"text-editor.default\">\n\t\t\t\t<div class=\"elementor-widget-container\">\n\t\t\t\t\t\t\t<p class=\"p1\">\u00c8 il <strong>polmone spirituale<\/strong> della nostra missione; si trova nel cuore della sede di <strong>\u00c1brego<\/strong>. Si tratta di una costruzione unica nel territorio, dedicata alla <strong>Madonna di Lourdes<\/strong>: \u00e8 stata eretta in memoria di <strong>Edda Toesca<\/strong> in Parise e di <strong>Diego Garoglio<\/strong>, entrambi volontari al Santuario di Lourdes, in Francia, che per molti anni sono stati al servizio dei malati. I figli di Edda e la moglie e i figli di Diego hanno finanziato questo progetto per <strong>onorare<\/strong> la <strong>memoria dei loro cari<\/strong> e allo stesso tempo <strong>contribuire a creare uno spazio importante<\/strong> per lo spirito dei bambini della Fondazione.<\/p>\t\t\t\t\t\t<\/div>\n\t\t\t\t<\/div>\n\t\t\t\t<div class=\"elementor-element elementor-element-0438c60 donate-button elementor-widget elementor-widget-button\" data-id=\"0438c60\" data-element_type=\"widget\" data-widget_type=\"button.default\">\n\t\t\t\t<div class=\"elementor-widget-container\">\n\t\t\t\t\t<div class=\"elementor-button-wrapper\">\n\t\t\t<a class=\"elementor-button elementor-button-link elementor-size-sm\" href=\"https:\/\/www.oasisdeamorypaz.org\/it\/ayudanos\/\">\n\t\t\t\t\t\t<span class=\"elementor-button-content-wrapper\">\n\t\t\t\t\t\t<span class=\"elementor-button-icon\">\n\t\t\t\t<svg aria-hidden=\"true\" class=\"e-font-icon-svg e-fas-heart\" viewBox=\"0 0 512 512\" xmlns=\"http:\/\/www.w3.org\/2000\/svg\"><path d=\"M462.3 62.6C407.5 15.9 326 24.3 275.7 76.2L256 96.5l-19.7-20.3C186.1 24.3 104.5 15.9 49.7 62.6c-62.8 53.6-66.1 149.8-9.9 207.9l193.5 199.8c12.5 12.9 32.8 12.9 45.3 0l193.5-199.8c56.3-58.1 53-154.3-9.8-207.9z\"><\/path><\/svg>\t\t\t<\/span>\n\t\t\t\t\t\t\t\t\t<span class=\"elementor-button-text\">SOSTIENI IL PROGETTO<\/span>\n\t\t\t\t\t<\/span>\n\t\t\t\t\t<\/a>\n\t\t<\/div>\n\t\t\t\t<\/div>\n\t\t\t\t<\/div>\n\t\t\t\t<\/div>\n\t\t\t\t\t<\/div>\n\t\t\t\t<\/div>\n\t\t\t\t<\/div>\n\t\t\t\t<\/div>\n\t\t<div class=\"elementor-element elementor-element-b2f388c e-flex e-con-boxed wpr-particle-no wpr-jarallax-no wpr-parallax-no wpr-sticky-section-no e-con e-parent\" data-id=\"b2f388c\" data-element_type=\"container\">\n\t\t\t\t\t<div class=\"e-con-inner\">\n\t\t\t\t<div class=\"elementor-element elementor-element-bd0bed5 elementor-widget elementor-widget-gallery\" data-id=\"bd0bed5\" data-element_type=\"widget\" data-settings=\"{&quot;columns&quot;:3,&quot;gap&quot;:{&quot;unit&quot;:&quot;px&quot;,&quot;size&quot;:30,&quot;sizes&quot;:[]},&quot;aspect_ratio&quot;:&quot;1:1&quot;,&quot;columns_mobile&quot;:2,&quot;gap_tablet&quot;:{&quot;unit&quot;:&quot;px&quot;,&quot;size&quot;:20,&quot;sizes&quot;:[]},&quot;lazyload&quot;:&quot;yes&quot;,&quot;gallery_layout&quot;:&quot;grid&quot;,&quot;columns_tablet&quot;:2,&quot;gap_mobile&quot;:{&quot;unit&quot;:&quot;px&quot;,&quot;size&quot;:10,&quot;sizes&quot;:[]},&quot;link_to&quot;:&quot;file&quot;,&quot;overlay_background&quot;:&quot;yes&quot;,&quot;content_hover_animation&quot;:&quot;fade-in&quot;}\" data-widget_type=\"gallery.default\">\n\t\t\t\t<div class=\"elementor-widget-container\">\n\t\t\t\t\t<div class=\"elementor-gallery__container\">\n\t\t\t\t\t\t\t<a class=\"e-gallery-item elementor-gallery-item elementor-animated-content\" href=\"https:\/\/www.oasisdeamorypaz.org\/wp-content\/uploads\/2024\/05\/oasisdeamorypaz-iglesia-gallery-1.jpg\" data-elementor-open-lightbox=\"yes\" data-elementor-lightbox-slideshow=\"bd0bed5\" data-e-action-hash=\"#elementor-action%3Aaction%3Dlightbox%26settings%3DeyJpZCI6NzAxLCJ1cmwiOiJodHRwczpcL1wvd3d3Lm9hc2lzZGVhbW9yeXBhei5vcmdcL3dwLWNvbnRlbnRcL3VwbG9hZHNcLzIwMjRcLzA1XC9vYXNpc2RlYW1vcnlwYXotaWdsZXNpYS1nYWxsZXJ5LTEuanBnIiwic2xpZGVzaG93IjoiYmQwYmVkNSJ9\">\n\t\t\t\t\t<div class=\"e-gallery-image elementor-gallery-item__image\" data-thumbnail=\"https:\/\/www.oasisdeamorypaz.org\/wp-content\/uploads\/2024\/05\/oasisdeamorypaz-iglesia-gallery-1.jpg\" data-width=\"1920\" data-height=\"1280\" aria-label=\"\" role=\"img\" ><\/div>\n\t\t\t\t\t\t\t\t\t\t\t<div class=\"elementor-gallery-item__overlay\"><\/div>\n\t\t\t\t\t\t\t\t\t\t\t\t\t\t<\/a>\n\t\t\t\t\t\t\t<a class=\"e-gallery-item elementor-gallery-item elementor-animated-content\" href=\"https:\/\/www.oasisdeamorypaz.org\/wp-content\/uploads\/2024\/05\/oasisdeamorypaz-iglesia-gallery-2.jpg\" data-elementor-open-lightbox=\"yes\" data-elementor-lightbox-slideshow=\"bd0bed5\" data-e-action-hash=\"#elementor-action%3Aaction%3Dlightbox%26settings%3DeyJpZCI6NzAyLCJ1cmwiOiJodHRwczpcL1wvd3d3Lm9hc2lzZGVhbW9yeXBhei5vcmdcL3dwLWNvbnRlbnRcL3VwbG9hZHNcLzIwMjRcLzA1XC9vYXNpc2RlYW1vcnlwYXotaWdsZXNpYS1nYWxsZXJ5LTIuanBnIiwic2xpZGVzaG93IjoiYmQwYmVkNSJ9\">\n\t\t\t\t\t<div class=\"e-gallery-image elementor-gallery-item__image\" data-thumbnail=\"https:\/\/www.oasisdeamorypaz.org\/wp-content\/uploads\/2024\/05\/oasisdeamorypaz-iglesia-gallery-2.jpg\" data-width=\"1920\" data-height=\"1280\" aria-label=\"\" role=\"img\" ><\/div>\n\t\t\t\t\t\t\t\t\t\t\t<div class=\"elementor-gallery-item__overlay\"><\/div>\n\t\t\t\t\t\t\t\t\t\t\t\t\t\t<\/a>\n\t\t\t\t\t\t\t<a class=\"e-gallery-item elementor-gallery-item elementor-animated-content\" href=\"https:\/\/www.oasisdeamorypaz.org\/wp-content\/uploads\/2024\/05\/oasisdeamorypaz-iglesia-gallery-3.jpg\" data-elementor-open-lightbox=\"yes\" data-elementor-lightbox-slideshow=\"bd0bed5\" data-e-action-hash=\"#elementor-action%3Aaction%3Dlightbox%26settings%3DeyJpZCI6NzAzLCJ1cmwiOiJodHRwczpcL1wvd3d3Lm9hc2lzZGVhbW9yeXBhei5vcmdcL3dwLWNvbnRlbnRcL3VwbG9hZHNcLzIwMjRcLzA1XC9vYXNpc2RlYW1vcnlwYXotaWdsZXNpYS1nYWxsZXJ5LTMuanBnIiwic2xpZGVzaG93IjoiYmQwYmVkNSJ9\">\n\t\t\t\t\t<div class=\"e-gallery-image elementor-gallery-item__image\" data-thumbnail=\"https:\/\/www.oasisdeamorypaz.org\/wp-content\/uploads\/2024\/05\/oasisdeamorypaz-iglesia-gallery-3.jpg\" data-width=\"1920\" data-height=\"1280\" aria-label=\"\" role=\"img\" ><\/div>\n\t\t\t\t\t\t\t\t\t\t\t<div class=\"elementor-gallery-item__overlay\"><\/div>\n\t\t\t\t\t\t\t\t\t\t\t\t\t\t<\/a>\n\t\t\t\t\t\t\t<a class=\"e-gallery-item elementor-gallery-item elementor-animated-content\" href=\"https:\/\/www.oasisdeamorypaz.org\/wp-content\/uploads\/2024\/05\/oasisdeamorypaz-iglesia-gallery-4.jpg\" data-elementor-open-lightbox=\"yes\" data-elementor-lightbox-slideshow=\"bd0bed5\" data-e-action-hash=\"#elementor-action%3Aaction%3Dlightbox%26settings%3DeyJpZCI6NzA0LCJ1cmwiOiJodHRwczpcL1wvd3d3Lm9hc2lzZGVhbW9yeXBhei5vcmdcL3dwLWNvbnRlbnRcL3VwbG9hZHNcLzIwMjRcLzA1XC9vYXNpc2RlYW1vcnlwYXotaWdsZXNpYS1nYWxsZXJ5LTQuanBnIiwic2xpZGVzaG93IjoiYmQwYmVkNSJ9\">\n\t\t\t\t\t<div class=\"e-gallery-image elementor-gallery-item__image\" data-thumbnail=\"https:\/\/www.oasisdeamorypaz.org\/wp-content\/uploads\/2024\/05\/oasisdeamorypaz-iglesia-gallery-4.jpg\" data-width=\"1920\" data-height=\"1440\" aria-label=\"\" role=\"img\" ><\/div>\n\t\t\t\t\t\t\t\t\t\t\t<div class=\"elementor-gallery-item__overlay\"><\/div>\n\t\t\t\t\t\t\t\t\t\t\t\t\t\t<\/a>\n\t\t\t\t\t\t\t<a class=\"e-gallery-item elementor-gallery-item elementor-animated-content\" href=\"https:\/\/www.oasisdeamorypaz.org\/wp-content\/uploads\/2024\/05\/oasisdeamorypaz-iglesia-gallery-5.jpg\" data-elementor-open-lightbox=\"yes\" data-elementor-lightbox-slideshow=\"bd0bed5\" data-e-action-hash=\"#elementor-action%3Aaction%3Dlightbox%26settings%3DeyJpZCI6NzA1LCJ1cmwiOiJodHRwczpcL1wvd3d3Lm9hc2lzZGVhbW9yeXBhei5vcmdcL3dwLWNvbnRlbnRcL3VwbG9hZHNcLzIwMjRcLzA1XC9vYXNpc2RlYW1vcnlwYXotaWdsZXNpYS1nYWxsZXJ5LTUuanBnIiwic2xpZGVzaG93IjoiYmQwYmVkNSJ9\">\n\t\t\t\t\t<div class=\"e-gallery-image elementor-gallery-item__image\" data-thumbnail=\"https:\/\/www.oasisdeamorypaz.org\/wp-content\/uploads\/2024\/05\/oasisdeamorypaz-iglesia-gallery-5.jpg\" data-width=\"1920\" data-height=\"1440\" aria-label=\"\" role=\"img\" ><\/div>\n\t\t\t\t\t\t\t\t\t\t\t<div class=\"elementor-gallery-item__overlay\"><\/div>\n\t\t\t\t\t\t\t\t\t\t\t\t\t\t<\/a>\n\t\t\t\t\t\t\t<a class=\"e-gallery-item elementor-gallery-item elementor-animated-content\" href=\"https:\/\/www.oasisdeamorypaz.org\/wp-content\/uploads\/2024\/05\/oasisdeamorypaz-iglesia-gallery-6.jpg\" data-elementor-open-lightbox=\"yes\" data-elementor-lightbox-slideshow=\"bd0bed5\" data-e-action-hash=\"#elementor-action%3Aaction%3Dlightbox%26settings%3DeyJpZCI6NzA2LCJ1cmwiOiJodHRwczpcL1wvd3d3Lm9hc2lzZGVhbW9yeXBhei5vcmdcL3dwLWNvbnRlbnRcL3VwbG9hZHNcLzIwMjRcLzA1XC9vYXNpc2RlYW1vcnlwYXotaWdsZXNpYS1nYWxsZXJ5LTYuanBnIiwic2xpZGVzaG93IjoiYmQwYmVkNSJ9\">\n\t\t\t\t\t<div class=\"e-gallery-image elementor-gallery-item__image\" data-thumbnail=\"https:\/\/www.oasisdeamorypaz.org\/wp-content\/uploads\/2024\/05\/oasisdeamorypaz-iglesia-gallery-6.jpg\" data-width=\"1920\" data-height=\"1440\" aria-label=\"\" role=\"img\" ><\/div>\n\t\t\t\t\t\t\t\t\t\t\t<div class=\"elementor-gallery-item__overlay\"><\/div>\n\t\t\t\t\t\t\t\t\t\t\t\t\t\t<\/a>\n\t\t\t\t\t<\/div>\n\t\t\t<\/div>\n\t\t\t\t<\/div>\n\t\t\t\t\t<\/div>\n\t\t\t\t<\/div>\n\t\t\t\t<\/div>\n\t\t","protected":false},"excerpt":{"rendered":"<p>Il progetto Capilla N. Se\u00f1ora de Lourdes Cappella Madonna di Lourdes \u00c8 il polmone spirituale della nostra missione; si trova nel cuore della sede di \u00c1brego. Si tratta di una costruzione unica nel territorio, dedicata alla Madonna di Lourdes: \u00e8 stata eretta in memoria di Edda Toesca in Parise e di Diego Garoglio, entrambi volontari al Santuario di Lourdes, in Francia, che per molti anni sono stati al servizio dei malati. I figli di Edda e la moglie e i figli di Diego hanno finanziato questo progetto per onorare la memoria dei loro cari e allo stesso tempo contribuire a creare uno spazio importante per lo spirito dei bambini della Fondazione. SOSTIENI IL PROGETTO<\/p>\n","protected":false},"author":1,"featured_media":0,"parent":0,"menu_order":0,"comment_status":"closed","ping_status":"closed","template":"","meta":{"footnotes":""},"class_list":["post-1212","page","type-page","status-publish","hentry"],"_links":{"self":[{"href":"https:\/\/www.oasisdeamorypaz.org\/it\/wp-json\/wp\/v2\/pages\/1212","targetHints":{"allow":["GET"]}}],"collection":[{"href":"https:\/\/www.oasisdeamorypaz.org\/it\/wp-json\/wp\/v2\/pages"}],"about":[{"href":"https:\/\/www.oasisdeamorypaz.org\/it\/wp-json\/wp\/v2\/types\/page"}],"author":[{"embeddable":true,"href":"https:\/\/www.oasisdeamorypaz.org\/it\/wp-json\/wp\/v2\/users\/1"}],"replies":[{"embeddable":true,"href":"https:\/\/www.oasisdeamorypaz.org\/it\/wp-json\/wp\/v2\/comments?post=1212"}],"version-history":[{"count":29,"href":"https:\/\/www.oasisdeamorypaz.org\/it\/wp-json\/wp\/v2\/pages\/1212\/revisions"}],"predecessor-version":[{"id":1767,"href":"https:\/\/www.oasisdeamorypaz.org\/it\/wp-json\/wp\/v2\/pages\/1212\/revisions\/1767"}],"wp:attachment":[{"href":"https:\/\/www.oasisdeamorypaz.org\/it\/wp-json\/wp\/v2\/media?parent=1212"}],"curies":[{"name":"wp","href":"https:\/\/api.w.org\/{rel}","templated":true}]}}