{"id":1209,"date":"2024-05-14T10:05:17","date_gmt":"2024-05-14T10:05:17","guid":{"rendered":"https:\/\/www.oasisdeamorypaz.org\/cafe-por-la-paz\/"},"modified":"2024-10-04T10:55:57","modified_gmt":"2024-10-04T10:55:57","slug":"cafe-por-la-paz","status":"publish","type":"page","link":"https:\/\/www.oasisdeamorypaz.org\/it\/cafe-por-la-paz\/","title":{"rendered":"Caff\u00e8 per la pace"},"content":{"rendered":"\t\t<div data-elementor-type=\"wp-page\" data-elementor-id=\"1209\" class=\"elementor elementor-1209 elementor-725\" data-elementor-post-type=\"page\">\n\t\t\t\t<div class=\"elementor-element elementor-element-3b07306 e-con-full e-flex wpr-particle-no wpr-jarallax-no wpr-parallax-no wpr-sticky-section-no e-con e-parent\" data-id=\"3b07306\" data-element_type=\"container\" data-settings=\"{&quot;background_background&quot;:&quot;classic&quot;}\">\n\t\t<div class=\"elementor-element elementor-element-8d729ed e-con-full e-flex wpr-particle-no wpr-jarallax-no wpr-parallax-no wpr-sticky-section-no e-con e-child\" data-id=\"8d729ed\" data-element_type=\"container\">\n\t\t\t\t<div class=\"elementor-element elementor-element-f53e728 elementor-widget elementor-widget-text-editor\" data-id=\"f53e728\" data-element_type=\"widget\" data-widget_type=\"text-editor.default\">\n\t\t\t\t<div class=\"elementor-widget-container\">\n\t\t\t\t\t\t\t<p>Il progetto<\/p>\t\t\t\t\t\t<\/div>\n\t\t\t\t<\/div>\n\t\t\t\t<div class=\"elementor-element elementor-element-05a8faf elementor-widget__width-initial elementor-widget elementor-widget-heading\" data-id=\"05a8faf\" data-element_type=\"widget\" data-widget_type=\"heading.default\">\n\t\t\t\t<div class=\"elementor-widget-container\">\n\t\t\t<h1 class=\"elementor-heading-title elementor-size-default\">Caf\u00e9 por la Paz<\/h1>\t\t<\/div>\n\t\t\t\t<\/div>\n\t\t\t\t<div class=\"elementor-element elementor-element-1bc6f12 elementor-widget__width-initial elementor-widget elementor-widget-heading\" data-id=\"1bc6f12\" data-element_type=\"widget\" data-widget_type=\"heading.default\">\n\t\t\t\t<div class=\"elementor-widget-container\">\n\t\t\t<h2 class=\"elementor-heading-title elementor-size-default\">Caff\u00e8 per la Pace<\/h2>\t\t<\/div>\n\t\t\t\t<\/div>\n\t\t\t\t<\/div>\n\t\t\t\t<\/div>\n\t\t<div class=\"elementor-element elementor-element-3fa97b5 e-con-full e-flex wpr-particle-no wpr-jarallax-no wpr-parallax-no wpr-sticky-section-no e-con e-parent\" data-id=\"3fa97b5\" data-element_type=\"container\">\n\t\t<div class=\"elementor-element elementor-element-7405c87 e-con-full e-flex wpr-particle-no wpr-jarallax-no wpr-parallax-no wpr-sticky-section-no e-con e-child\" data-id=\"7405c87\" data-element_type=\"container\">\n\t\t<div class=\"elementor-element elementor-element-7aef886 e-flex e-con-boxed wpr-particle-no wpr-jarallax-no wpr-parallax-no wpr-sticky-section-no e-con e-child\" data-id=\"7aef886\" data-element_type=\"container\" data-settings=\"{&quot;background_background&quot;:&quot;classic&quot;}\">\n\t\t\t\t\t<div class=\"e-con-inner\">\n\t\t<div class=\"elementor-element elementor-element-4fc1348 e-con-full e-flex wpr-particle-no wpr-jarallax-no wpr-parallax-no wpr-sticky-section-no e-con e-child\" data-id=\"4fc1348\" data-element_type=\"container\" data-settings=\"{&quot;background_background&quot;:&quot;classic&quot;}\">\n\t\t\t\t<\/div>\n\t\t<div class=\"elementor-element elementor-element-7c80b49 e-con-full e-flex wpr-particle-no wpr-jarallax-no wpr-parallax-no wpr-sticky-section-no e-con e-child\" data-id=\"7c80b49\" data-element_type=\"container\">\n\t\t\t\t<div class=\"elementor-element elementor-element-f4a8858 elementor-widget__width-initial elementor-widget elementor-widget-text-editor\" data-id=\"f4a8858\" data-element_type=\"widget\" data-widget_type=\"text-editor.default\">\n\t\t\t\t<div class=\"elementor-widget-container\">\n\t\t\t\t\t\t\t<p class=\"p1\">&#8220;<strong>Caff\u00e8, non coca<\/strong>&#8221; \u00e8 il motto del progetto che abbiamo iniziato nel <strong>2015<\/strong> a <strong>\u00c1brego<\/strong>, con poche <strong>piante di caff\u00e8<\/strong> variet\u00e0 <strong><i>castillo<\/i><\/strong>. Oggi nella nostra azienda agricola (<strong><i>la finca<\/i><\/strong>) di <strong>El Roble<\/strong>, a 2000m slm, situata a 35 km dall&#8217;area urbana del comune di <strong>\u00c1brego<\/strong>, stiamo <strong>espandendo<\/strong> questa iniziativa che \u00e8 della <strong>massima importanza<\/strong> per la nostra missione e per lo sviluppo della regione. Il progetto offre l&#8217;opportunit\u00e0 di produrre <strong>caff\u00e8 di qualit\u00e0<\/strong> (specialty coffee), migliorando il territorio e <strong>proteggendo l&#8217;ambiente<\/strong> grazie alla piantumazione di alberi e alla cura della flora e della fauna.<\/p><p class=\"p2\">Infatti, nella nostra <i>finca<\/i>, tra le variet\u00e0 botaniche che produciamo ci sono il bourbon sia rosa e che giallo, la caturra gialla e rossa, la geisha e la tipica.<\/p><p class=\"p2\"><strong>Il caff\u00e8 diventa una speranza di <span class=\"s6\">Pace!<\/span><\/strong><b><\/b><\/p>\t\t\t\t\t\t<\/div>\n\t\t\t\t<\/div>\n\t\t\t\t<div class=\"elementor-element elementor-element-92c3263 donate-button elementor-widget elementor-widget-button\" data-id=\"92c3263\" data-element_type=\"widget\" data-widget_type=\"button.default\">\n\t\t\t\t<div class=\"elementor-widget-container\">\n\t\t\t\t\t<div class=\"elementor-button-wrapper\">\n\t\t\t<a class=\"elementor-button elementor-button-link elementor-size-sm\" href=\"https:\/\/www.oasisdeamorypaz.org\/it\/ayudanos\/\">\n\t\t\t\t\t\t<span class=\"elementor-button-content-wrapper\">\n\t\t\t\t\t\t<span class=\"elementor-button-icon\">\n\t\t\t\t<svg aria-hidden=\"true\" class=\"e-font-icon-svg e-fas-heart\" viewBox=\"0 0 512 512\" xmlns=\"http:\/\/www.w3.org\/2000\/svg\"><path d=\"M462.3 62.6C407.5 15.9 326 24.3 275.7 76.2L256 96.5l-19.7-20.3C186.1 24.3 104.5 15.9 49.7 62.6c-62.8 53.6-66.1 149.8-9.9 207.9l193.5 199.8c12.5 12.9 32.8 12.9 45.3 0l193.5-199.8c56.3-58.1 53-154.3-9.8-207.9z\"><\/path><\/svg>\t\t\t<\/span>\n\t\t\t\t\t\t\t\t\t<span class=\"elementor-button-text\">SOSTIENI IL PROGETTO<\/span>\n\t\t\t\t\t<\/span>\n\t\t\t\t\t<\/a>\n\t\t<\/div>\n\t\t\t\t<\/div>\n\t\t\t\t<\/div>\n\t\t\t\t<\/div>\n\t\t\t\t\t<\/div>\n\t\t\t\t<\/div>\n\t\t\t\t<\/div>\n\t\t\t\t<\/div>\n\t\t<div class=\"elementor-element elementor-element-78ed82c e-flex e-con-boxed wpr-particle-no wpr-jarallax-no wpr-parallax-no wpr-sticky-section-no e-con e-parent\" data-id=\"78ed82c\" data-element_type=\"container\">\n\t\t\t\t\t<div class=\"e-con-inner\">\n\t\t\t\t<div class=\"elementor-element elementor-element-ff27f48 elementor-widget elementor-widget-gallery\" data-id=\"ff27f48\" data-element_type=\"widget\" data-settings=\"{&quot;columns&quot;:3,&quot;gap&quot;:{&quot;unit&quot;:&quot;px&quot;,&quot;size&quot;:30,&quot;sizes&quot;:[]},&quot;aspect_ratio&quot;:&quot;1:1&quot;,&quot;columns_mobile&quot;:2,&quot;gap_tablet&quot;:{&quot;unit&quot;:&quot;px&quot;,&quot;size&quot;:20,&quot;sizes&quot;:[]},&quot;lazyload&quot;:&quot;yes&quot;,&quot;gallery_layout&quot;:&quot;grid&quot;,&quot;columns_tablet&quot;:2,&quot;gap_mobile&quot;:{&quot;unit&quot;:&quot;px&quot;,&quot;size&quot;:10,&quot;sizes&quot;:[]},&quot;link_to&quot;:&quot;file&quot;,&quot;overlay_background&quot;:&quot;yes&quot;,&quot;content_hover_animation&quot;:&quot;fade-in&quot;}\" data-widget_type=\"gallery.default\">\n\t\t\t\t<div class=\"elementor-widget-container\">\n\t\t\t\t\t<div class=\"elementor-gallery__container\">\n\t\t\t\t\t\t\t<a class=\"e-gallery-item elementor-gallery-item elementor-animated-content\" href=\"https:\/\/www.oasisdeamorypaz.org\/wp-content\/uploads\/2024\/05\/oasisdeamorypaz-cafe-gallery-1-scaled.jpg\" data-elementor-open-lightbox=\"yes\" data-elementor-lightbox-slideshow=\"ff27f48\" data-e-action-hash=\"#elementor-action%3Aaction%3Dlightbox%26settings%3DeyJpZCI6NzE3LCJ1cmwiOiJodHRwczpcL1wvd3d3Lm9hc2lzZGVhbW9yeXBhei5vcmdcL3dwLWNvbnRlbnRcL3VwbG9hZHNcLzIwMjRcLzA1XC9vYXNpc2RlYW1vcnlwYXotY2FmZS1nYWxsZXJ5LTEtc2NhbGVkLmpwZyIsInNsaWRlc2hvdyI6ImZmMjdmNDgifQ%3D%3D\">\n\t\t\t\t\t<div class=\"e-gallery-image elementor-gallery-item__image\" data-thumbnail=\"https:\/\/www.oasisdeamorypaz.org\/wp-content\/uploads\/2024\/05\/oasisdeamorypaz-cafe-gallery-1-scaled.jpg\" data-width=\"2560\" data-height=\"1439\" aria-label=\"\" role=\"img\" ><\/div>\n\t\t\t\t\t\t\t\t\t\t\t<div class=\"elementor-gallery-item__overlay\"><\/div>\n\t\t\t\t\t\t\t\t\t\t\t\t\t\t<\/a>\n\t\t\t\t\t\t\t<a class=\"e-gallery-item elementor-gallery-item elementor-animated-content\" href=\"https:\/\/www.oasisdeamorypaz.org\/wp-content\/uploads\/2024\/05\/oasisdeamorypaz-cafe-gallery-2.jpg\" data-elementor-open-lightbox=\"yes\" data-elementor-lightbox-slideshow=\"ff27f48\" data-e-action-hash=\"#elementor-action%3Aaction%3Dlightbox%26settings%3DeyJpZCI6NzE4LCJ1cmwiOiJodHRwczpcL1wvd3d3Lm9hc2lzZGVhbW9yeXBhei5vcmdcL3dwLWNvbnRlbnRcL3VwbG9hZHNcLzIwMjRcLzA1XC9vYXNpc2RlYW1vcnlwYXotY2FmZS1nYWxsZXJ5LTIuanBnIiwic2xpZGVzaG93IjoiZmYyN2Y0OCJ9\">\n\t\t\t\t\t<div class=\"e-gallery-image elementor-gallery-item__image\" data-thumbnail=\"https:\/\/www.oasisdeamorypaz.org\/wp-content\/uploads\/2024\/05\/oasisdeamorypaz-cafe-gallery-2.jpg\" data-width=\"1920\" data-height=\"1079\" aria-label=\"\" role=\"img\" ><\/div>\n\t\t\t\t\t\t\t\t\t\t\t<div class=\"elementor-gallery-item__overlay\"><\/div>\n\t\t\t\t\t\t\t\t\t\t\t\t\t\t<\/a>\n\t\t\t\t\t\t\t<a class=\"e-gallery-item elementor-gallery-item elementor-animated-content\" href=\"https:\/\/www.oasisdeamorypaz.org\/wp-content\/uploads\/2024\/05\/oasisdeamorypaz-cafe-gallery-3.jpg\" data-elementor-open-lightbox=\"yes\" data-elementor-lightbox-slideshow=\"ff27f48\" data-e-action-hash=\"#elementor-action%3Aaction%3Dlightbox%26settings%3DeyJpZCI6NzE5LCJ1cmwiOiJodHRwczpcL1wvd3d3Lm9hc2lzZGVhbW9yeXBhei5vcmdcL3dwLWNvbnRlbnRcL3VwbG9hZHNcLzIwMjRcLzA1XC9vYXNpc2RlYW1vcnlwYXotY2FmZS1nYWxsZXJ5LTMuanBnIiwic2xpZGVzaG93IjoiZmYyN2Y0OCJ9\">\n\t\t\t\t\t<div class=\"e-gallery-image elementor-gallery-item__image\" data-thumbnail=\"https:\/\/www.oasisdeamorypaz.org\/wp-content\/uploads\/2024\/05\/oasisdeamorypaz-cafe-gallery-3.jpg\" data-width=\"1920\" data-height=\"1440\" aria-label=\"\" role=\"img\" ><\/div>\n\t\t\t\t\t\t\t\t\t\t\t<div class=\"elementor-gallery-item__overlay\"><\/div>\n\t\t\t\t\t\t\t\t\t\t\t\t\t\t<\/a>\n\t\t\t\t\t\t\t<a class=\"e-gallery-item elementor-gallery-item elementor-animated-content\" href=\"https:\/\/www.oasisdeamorypaz.org\/wp-content\/uploads\/2024\/05\/oasisdeamorypaz-cafe-gallery-4.jpg\" data-elementor-open-lightbox=\"yes\" data-elementor-lightbox-slideshow=\"ff27f48\" data-e-action-hash=\"#elementor-action%3Aaction%3Dlightbox%26settings%3DeyJpZCI6NzIwLCJ1cmwiOiJodHRwczpcL1wvd3d3Lm9hc2lzZGVhbW9yeXBhei5vcmdcL3dwLWNvbnRlbnRcL3VwbG9hZHNcLzIwMjRcLzA1XC9vYXNpc2RlYW1vcnlwYXotY2FmZS1nYWxsZXJ5LTQuanBnIiwic2xpZGVzaG93IjoiZmYyN2Y0OCJ9\">\n\t\t\t\t\t<div class=\"e-gallery-image elementor-gallery-item__image\" data-thumbnail=\"https:\/\/www.oasisdeamorypaz.org\/wp-content\/uploads\/2024\/05\/oasisdeamorypaz-cafe-gallery-4.jpg\" data-width=\"1920\" data-height=\"1440\" aria-label=\"\" role=\"img\" ><\/div>\n\t\t\t\t\t\t\t\t\t\t\t<div class=\"elementor-gallery-item__overlay\"><\/div>\n\t\t\t\t\t\t\t\t\t\t\t\t\t\t<\/a>\n\t\t\t\t\t\t\t<a class=\"e-gallery-item elementor-gallery-item elementor-animated-content\" href=\"https:\/\/www.oasisdeamorypaz.org\/wp-content\/uploads\/2024\/05\/oasisdeamorypaz-cafe-gallery-5.jpg\" data-elementor-open-lightbox=\"yes\" data-elementor-lightbox-slideshow=\"ff27f48\" data-e-action-hash=\"#elementor-action%3Aaction%3Dlightbox%26settings%3DeyJpZCI6NzIxLCJ1cmwiOiJodHRwczpcL1wvd3d3Lm9hc2lzZGVhbW9yeXBhei5vcmdcL3dwLWNvbnRlbnRcL3VwbG9hZHNcLzIwMjRcLzA1XC9vYXNpc2RlYW1vcnlwYXotY2FmZS1nYWxsZXJ5LTUuanBnIiwic2xpZGVzaG93IjoiZmYyN2Y0OCJ9\">\n\t\t\t\t\t<div class=\"e-gallery-image elementor-gallery-item__image\" data-thumbnail=\"https:\/\/www.oasisdeamorypaz.org\/wp-content\/uploads\/2024\/05\/oasisdeamorypaz-cafe-gallery-5.jpg\" data-width=\"1920\" data-height=\"1440\" aria-label=\"\" role=\"img\" ><\/div>\n\t\t\t\t\t\t\t\t\t\t\t<div class=\"elementor-gallery-item__overlay\"><\/div>\n\t\t\t\t\t\t\t\t\t\t\t\t\t\t<\/a>\n\t\t\t\t\t\t\t<a class=\"e-gallery-item elementor-gallery-item elementor-animated-content\" href=\"https:\/\/www.oasisdeamorypaz.org\/wp-content\/uploads\/2024\/05\/oasisdeamorypaz-cafe-gallery-6.jpg\" data-elementor-open-lightbox=\"yes\" data-elementor-lightbox-slideshow=\"ff27f48\" data-e-action-hash=\"#elementor-action%3Aaction%3Dlightbox%26settings%3DeyJpZCI6NzIyLCJ1cmwiOiJodHRwczpcL1wvd3d3Lm9hc2lzZGVhbW9yeXBhei5vcmdcL3dwLWNvbnRlbnRcL3VwbG9hZHNcLzIwMjRcLzA1XC9vYXNpc2RlYW1vcnlwYXotY2FmZS1nYWxsZXJ5LTYuanBnIiwic2xpZGVzaG93IjoiZmYyN2Y0OCJ9\">\n\t\t\t\t\t<div class=\"e-gallery-image elementor-gallery-item__image\" data-thumbnail=\"https:\/\/www.oasisdeamorypaz.org\/wp-content\/uploads\/2024\/05\/oasisdeamorypaz-cafe-gallery-6.jpg\" data-width=\"1920\" data-height=\"1080\" aria-label=\"\" role=\"img\" ><\/div>\n\t\t\t\t\t\t\t\t\t\t\t<div class=\"elementor-gallery-item__overlay\"><\/div>\n\t\t\t\t\t\t\t\t\t\t\t\t\t\t<\/a>\n\t\t\t\t\t<\/div>\n\t\t\t<\/div>\n\t\t\t\t<\/div>\n\t\t\t\t\t<\/div>\n\t\t\t\t<\/div>\n\t\t\t\t<\/div>\n\t\t","protected":false},"excerpt":{"rendered":"<p>Il progetto Caf\u00e9 por la Paz Caff\u00e8 per la Pace &#8220;Caff\u00e8, non coca&#8221; \u00e8 il motto del progetto che abbiamo iniziato nel 2015 a \u00c1brego, con poche piante di caff\u00e8 variet\u00e0 castillo. Oggi nella nostra azienda agricola (la finca) di El Roble, a 2000m slm, situata a 35 km dall&#8217;area urbana del comune di \u00c1brego, stiamo espandendo questa iniziativa che \u00e8 della massima importanza per la nostra missione e per lo sviluppo della regione. Il progetto offre l&#8217;opportunit\u00e0 di produrre caff\u00e8 di qualit\u00e0 (specialty coffee), migliorando il territorio e proteggendo l&#8217;ambiente grazie alla piantumazione di alberi e alla cura della flora e della fauna. Infatti, nella nostra finca, tra le variet\u00e0 botaniche che produciamo ci sono il bourbon sia rosa e che giallo, la caturra gialla e rossa, la geisha e la tipica. Il caff\u00e8 diventa una speranza di Pace! SOSTIENI IL PROGETTO<\/p>\n","protected":false},"author":1,"featured_media":0,"parent":0,"menu_order":0,"comment_status":"closed","ping_status":"closed","template":"","meta":{"footnotes":""},"class_list":["post-1209","page","type-page","status-publish","hentry"],"_links":{"self":[{"href":"https:\/\/www.oasisdeamorypaz.org\/it\/wp-json\/wp\/v2\/pages\/1209","targetHints":{"allow":["GET"]}}],"collection":[{"href":"https:\/\/www.oasisdeamorypaz.org\/it\/wp-json\/wp\/v2\/pages"}],"about":[{"href":"https:\/\/www.oasisdeamorypaz.org\/it\/wp-json\/wp\/v2\/types\/page"}],"author":[{"embeddable":true,"href":"https:\/\/www.oasisdeamorypaz.org\/it\/wp-json\/wp\/v2\/users\/1"}],"replies":[{"embeddable":true,"href":"https:\/\/www.oasisdeamorypaz.org\/it\/wp-json\/wp\/v2\/comments?post=1209"}],"version-history":[{"count":28,"href":"https:\/\/www.oasisdeamorypaz.org\/it\/wp-json\/wp\/v2\/pages\/1209\/revisions"}],"predecessor-version":[{"id":2051,"href":"https:\/\/www.oasisdeamorypaz.org\/it\/wp-json\/wp\/v2\/pages\/1209\/revisions\/2051"}],"wp:attachment":[{"href":"https:\/\/www.oasisdeamorypaz.org\/it\/wp-json\/wp\/v2\/media?parent=1209"}],"curies":[{"name":"wp","href":"https:\/\/api.w.org\/{rel}","templated":true}]}}