{"id":1188,"date":"2024-05-14T08:22:57","date_gmt":"2024-05-14T08:22:57","guid":{"rendered":"https:\/\/www.oasisdeamorypaz.org\/casa-laurita\/"},"modified":"2024-09-24T08:40:20","modified_gmt":"2024-09-24T08:40:20","slug":"casa-laurita","status":"publish","type":"page","link":"https:\/\/www.oasisdeamorypaz.org\/it\/casa-laurita\/","title":{"rendered":"Casa Laurita"},"content":{"rendered":"\t\t<div data-elementor-type=\"wp-page\" data-elementor-id=\"1188\" class=\"elementor elementor-1188 elementor-663\" data-elementor-post-type=\"page\">\n\t\t\t\t<div class=\"elementor-element elementor-element-911c4eb e-con-full e-flex wpr-particle-no wpr-jarallax-no wpr-parallax-no wpr-sticky-section-no e-con e-parent\" data-id=\"911c4eb\" data-element_type=\"container\" data-settings=\"{&quot;background_background&quot;:&quot;classic&quot;}\">\n\t\t<div class=\"elementor-element elementor-element-f16f229 e-con-full e-flex wpr-particle-no wpr-jarallax-no wpr-parallax-no wpr-sticky-section-no e-con e-child\" data-id=\"f16f229\" data-element_type=\"container\">\n\t\t\t\t<div class=\"elementor-element elementor-element-fe16073 elementor-widget elementor-widget-text-editor\" data-id=\"fe16073\" data-element_type=\"widget\" data-widget_type=\"text-editor.default\">\n\t\t\t\t<div class=\"elementor-widget-container\">\n\t\t\t\t\t\t\t<p>Il progetto<\/p>\t\t\t\t\t\t<\/div>\n\t\t\t\t<\/div>\n\t\t\t\t<div class=\"elementor-element elementor-element-a317e15 elementor-widget__width-initial elementor-widget elementor-widget-heading\" data-id=\"a317e15\" data-element_type=\"widget\" data-widget_type=\"heading.default\">\n\t\t\t\t<div class=\"elementor-widget-container\">\n\t\t\t<h1 class=\"elementor-heading-title elementor-size-default\">Casa Laurita<\/h1>\t\t<\/div>\n\t\t\t\t<\/div>\n\t\t\t\t<\/div>\n\t\t\t\t<\/div>\n\t\t<div class=\"elementor-element elementor-element-c38fa05 e-con-full e-flex wpr-particle-no wpr-jarallax-no wpr-parallax-no wpr-sticky-section-no e-con e-parent\" data-id=\"c38fa05\" data-element_type=\"container\">\n\t\t<div class=\"elementor-element elementor-element-b23c35e e-con-full e-flex wpr-particle-no wpr-jarallax-no wpr-parallax-no wpr-sticky-section-no e-con e-child\" data-id=\"b23c35e\" data-element_type=\"container\">\n\t\t<div class=\"elementor-element elementor-element-3d04649 e-flex e-con-boxed wpr-particle-no wpr-jarallax-no wpr-parallax-no wpr-sticky-section-no e-con e-child\" data-id=\"3d04649\" data-element_type=\"container\" data-settings=\"{&quot;background_background&quot;:&quot;classic&quot;}\">\n\t\t\t\t\t<div class=\"e-con-inner\">\n\t\t<div class=\"elementor-element elementor-element-c12e1a9 e-con-full e-flex wpr-particle-no wpr-jarallax-no wpr-parallax-no wpr-sticky-section-no e-con e-child\" data-id=\"c12e1a9\" data-element_type=\"container\" data-settings=\"{&quot;background_background&quot;:&quot;classic&quot;}\">\n\t\t\t\t<\/div>\n\t\t<div class=\"elementor-element elementor-element-92040ed e-con-full e-flex wpr-particle-no wpr-jarallax-no wpr-parallax-no wpr-sticky-section-no e-con e-child\" data-id=\"92040ed\" data-element_type=\"container\">\n\t\t\t\t<div class=\"elementor-element elementor-element-395d42d elementor-widget__width-initial elementor-widget elementor-widget-text-editor\" data-id=\"395d42d\" data-element_type=\"widget\" data-widget_type=\"text-editor.default\">\n\t\t\t\t<div class=\"elementor-widget-container\">\n\t\t\t\t\t\t\t<p class=\"p1\">Si tratta di una <strong>casa rurale ristrutturata<\/strong>, in <strong>\u00c1brego<\/strong>, in mezzo alle coltivazioni di caff\u00e8, in cui vivono le <strong>trenta bambine<\/strong> e <strong>giovani ragazze<\/strong> ospiti della missione. L&#8217;opera \u00e8 stata finanziata dalla <strong>Cooperazione del Principato di Monaco<\/strong>, dall&#8217;<strong>Associazione Mamre<\/strong> di Borgomanero, in provincia di Novara (Italia), dalla <strong>Fondazione CEUS<\/strong> di Madrid (Spagna), e da <strong>contributi di privati<\/strong>.<\/p>\t\t\t\t\t\t<\/div>\n\t\t\t\t<\/div>\n\t\t\t\t<div class=\"elementor-element elementor-element-f2a52ab donate-button elementor-widget elementor-widget-button\" data-id=\"f2a52ab\" data-element_type=\"widget\" data-widget_type=\"button.default\">\n\t\t\t\t<div class=\"elementor-widget-container\">\n\t\t\t\t\t<div class=\"elementor-button-wrapper\">\n\t\t\t<a class=\"elementor-button elementor-button-link elementor-size-sm\" href=\"https:\/\/www.oasisdeamorypaz.org\/it\/ayudanos\/\">\n\t\t\t\t\t\t<span class=\"elementor-button-content-wrapper\">\n\t\t\t\t\t\t<span class=\"elementor-button-icon\">\n\t\t\t\t<svg aria-hidden=\"true\" class=\"e-font-icon-svg e-fas-heart\" viewBox=\"0 0 512 512\" xmlns=\"http:\/\/www.w3.org\/2000\/svg\"><path d=\"M462.3 62.6C407.5 15.9 326 24.3 275.7 76.2L256 96.5l-19.7-20.3C186.1 24.3 104.5 15.9 49.7 62.6c-62.8 53.6-66.1 149.8-9.9 207.9l193.5 199.8c12.5 12.9 32.8 12.9 45.3 0l193.5-199.8c56.3-58.1 53-154.3-9.8-207.9z\"><\/path><\/svg>\t\t\t<\/span>\n\t\t\t\t\t\t\t\t\t<span class=\"elementor-button-text\">Sostieni il progetto<\/span>\n\t\t\t\t\t<\/span>\n\t\t\t\t\t<\/a>\n\t\t<\/div>\n\t\t\t\t<\/div>\n\t\t\t\t<\/div>\n\t\t\t\t<\/div>\n\t\t\t\t\t<\/div>\n\t\t\t\t<\/div>\n\t\t\t\t<\/div>\n\t\t\t\t<\/div>\n\t\t<div class=\"elementor-element elementor-element-c209b0f e-flex e-con-boxed wpr-particle-no wpr-jarallax-no wpr-parallax-no wpr-sticky-section-no e-con e-parent\" data-id=\"c209b0f\" data-element_type=\"container\">\n\t\t\t\t\t<div class=\"e-con-inner\">\n\t\t\t\t<div class=\"elementor-element elementor-element-1defb74 elementor-widget elementor-widget-gallery\" data-id=\"1defb74\" data-element_type=\"widget\" data-settings=\"{&quot;columns&quot;:3,&quot;gap&quot;:{&quot;unit&quot;:&quot;px&quot;,&quot;size&quot;:30,&quot;sizes&quot;:[]},&quot;aspect_ratio&quot;:&quot;1:1&quot;,&quot;columns_mobile&quot;:2,&quot;gap_tablet&quot;:{&quot;unit&quot;:&quot;px&quot;,&quot;size&quot;:20,&quot;sizes&quot;:[]},&quot;lazyload&quot;:&quot;yes&quot;,&quot;gallery_layout&quot;:&quot;grid&quot;,&quot;columns_tablet&quot;:2,&quot;gap_mobile&quot;:{&quot;unit&quot;:&quot;px&quot;,&quot;size&quot;:10,&quot;sizes&quot;:[]},&quot;link_to&quot;:&quot;file&quot;,&quot;overlay_background&quot;:&quot;yes&quot;,&quot;content_hover_animation&quot;:&quot;fade-in&quot;}\" data-widget_type=\"gallery.default\">\n\t\t\t\t<div class=\"elementor-widget-container\">\n\t\t\t\t\t<div class=\"elementor-gallery__container\">\n\t\t\t\t\t\t\t<a class=\"e-gallery-item elementor-gallery-item elementor-animated-content\" href=\"https:\/\/www.oasisdeamorypaz.org\/wp-content\/uploads\/2024\/05\/oasisdeamorypaz-laurita-gallery-1.jpg\" data-elementor-open-lightbox=\"yes\" data-elementor-lightbox-slideshow=\"1defb74\" data-e-action-hash=\"#elementor-action%3Aaction%3Dlightbox%26settings%3DeyJpZCI6NjU2LCJ1cmwiOiJodHRwczpcL1wvd3d3Lm9hc2lzZGVhbW9yeXBhei5vcmdcL3dwLWNvbnRlbnRcL3VwbG9hZHNcLzIwMjRcLzA1XC9vYXNpc2RlYW1vcnlwYXotbGF1cml0YS1nYWxsZXJ5LTEuanBnIiwic2xpZGVzaG93IjoiMWRlZmI3NCJ9\">\n\t\t\t\t\t<div class=\"e-gallery-image elementor-gallery-item__image\" data-thumbnail=\"https:\/\/www.oasisdeamorypaz.org\/wp-content\/uploads\/2024\/05\/oasisdeamorypaz-laurita-gallery-1.jpg\" data-width=\"1024\" data-height=\"868\" aria-label=\"\" role=\"img\" ><\/div>\n\t\t\t\t\t\t\t\t\t\t\t<div class=\"elementor-gallery-item__overlay\"><\/div>\n\t\t\t\t\t\t\t\t\t\t\t\t\t\t<\/a>\n\t\t\t\t\t\t\t<a class=\"e-gallery-item elementor-gallery-item elementor-animated-content\" href=\"https:\/\/www.oasisdeamorypaz.org\/wp-content\/uploads\/2024\/05\/oasisdeamorypaz-laurita-gallery-2.jpg\" data-elementor-open-lightbox=\"yes\" data-elementor-lightbox-slideshow=\"1defb74\" data-e-action-hash=\"#elementor-action%3Aaction%3Dlightbox%26settings%3DeyJpZCI6NjU3LCJ1cmwiOiJodHRwczpcL1wvd3d3Lm9hc2lzZGVhbW9yeXBhei5vcmdcL3dwLWNvbnRlbnRcL3VwbG9hZHNcLzIwMjRcLzA1XC9vYXNpc2RlYW1vcnlwYXotbGF1cml0YS1nYWxsZXJ5LTIuanBnIiwic2xpZGVzaG93IjoiMWRlZmI3NCJ9\">\n\t\t\t\t\t<div class=\"e-gallery-image elementor-gallery-item__image\" data-thumbnail=\"https:\/\/www.oasisdeamorypaz.org\/wp-content\/uploads\/2024\/05\/oasisdeamorypaz-laurita-gallery-2.jpg\" data-width=\"1920\" data-height=\"1440\" aria-label=\"\" role=\"img\" ><\/div>\n\t\t\t\t\t\t\t\t\t\t\t<div class=\"elementor-gallery-item__overlay\"><\/div>\n\t\t\t\t\t\t\t\t\t\t\t\t\t\t<\/a>\n\t\t\t\t\t\t\t<a class=\"e-gallery-item elementor-gallery-item elementor-animated-content\" href=\"https:\/\/www.oasisdeamorypaz.org\/wp-content\/uploads\/2024\/05\/oasisdeamorypaz-laurita-gallery-3.jpg\" data-elementor-open-lightbox=\"yes\" data-elementor-lightbox-slideshow=\"1defb74\" data-e-action-hash=\"#elementor-action%3Aaction%3Dlightbox%26settings%3DeyJpZCI6NjU4LCJ1cmwiOiJodHRwczpcL1wvd3d3Lm9hc2lzZGVhbW9yeXBhei5vcmdcL3dwLWNvbnRlbnRcL3VwbG9hZHNcLzIwMjRcLzA1XC9vYXNpc2RlYW1vcnlwYXotbGF1cml0YS1nYWxsZXJ5LTMuanBnIiwic2xpZGVzaG93IjoiMWRlZmI3NCJ9\">\n\t\t\t\t\t<div class=\"e-gallery-image elementor-gallery-item__image\" data-thumbnail=\"https:\/\/www.oasisdeamorypaz.org\/wp-content\/uploads\/2024\/05\/oasisdeamorypaz-laurita-gallery-3.jpg\" data-width=\"1920\" data-height=\"1282\" aria-label=\"\" role=\"img\" ><\/div>\n\t\t\t\t\t\t\t\t\t\t\t<div class=\"elementor-gallery-item__overlay\"><\/div>\n\t\t\t\t\t\t\t\t\t\t\t\t\t\t<\/a>\n\t\t\t\t\t\t\t<a class=\"e-gallery-item elementor-gallery-item elementor-animated-content\" href=\"https:\/\/www.oasisdeamorypaz.org\/wp-content\/uploads\/2024\/05\/oasisdeamorypaz-laurita-gallery-4.jpg\" data-elementor-open-lightbox=\"yes\" data-elementor-lightbox-slideshow=\"1defb74\" data-e-action-hash=\"#elementor-action%3Aaction%3Dlightbox%26settings%3DeyJpZCI6NjU5LCJ1cmwiOiJodHRwczpcL1wvd3d3Lm9hc2lzZGVhbW9yeXBhei5vcmdcL3dwLWNvbnRlbnRcL3VwbG9hZHNcLzIwMjRcLzA1XC9vYXNpc2RlYW1vcnlwYXotbGF1cml0YS1nYWxsZXJ5LTQuanBnIiwic2xpZGVzaG93IjoiMWRlZmI3NCJ9\">\n\t\t\t\t\t<div class=\"e-gallery-image elementor-gallery-item__image\" data-thumbnail=\"https:\/\/www.oasisdeamorypaz.org\/wp-content\/uploads\/2024\/05\/oasisdeamorypaz-laurita-gallery-4.jpg\" data-width=\"1920\" data-height=\"1282\" aria-label=\"\" role=\"img\" ><\/div>\n\t\t\t\t\t\t\t\t\t\t\t<div class=\"elementor-gallery-item__overlay\"><\/div>\n\t\t\t\t\t\t\t\t\t\t\t\t\t\t<\/a>\n\t\t\t\t\t\t\t<a class=\"e-gallery-item elementor-gallery-item elementor-animated-content\" href=\"https:\/\/www.oasisdeamorypaz.org\/wp-content\/uploads\/2024\/05\/oasisdeamorypaz-laurita-gallery-5.jpg\" data-elementor-open-lightbox=\"yes\" data-elementor-lightbox-slideshow=\"1defb74\" data-e-action-hash=\"#elementor-action%3Aaction%3Dlightbox%26settings%3DeyJpZCI6NjYwLCJ1cmwiOiJodHRwczpcL1wvd3d3Lm9hc2lzZGVhbW9yeXBhei5vcmdcL3dwLWNvbnRlbnRcL3VwbG9hZHNcLzIwMjRcLzA1XC9vYXNpc2RlYW1vcnlwYXotbGF1cml0YS1nYWxsZXJ5LTUuanBnIiwic2xpZGVzaG93IjoiMWRlZmI3NCJ9\">\n\t\t\t\t\t<div class=\"e-gallery-image elementor-gallery-item__image\" data-thumbnail=\"https:\/\/www.oasisdeamorypaz.org\/wp-content\/uploads\/2024\/05\/oasisdeamorypaz-laurita-gallery-5.jpg\" data-width=\"1920\" data-height=\"1282\" aria-label=\"\" role=\"img\" ><\/div>\n\t\t\t\t\t\t\t\t\t\t\t<div class=\"elementor-gallery-item__overlay\"><\/div>\n\t\t\t\t\t\t\t\t\t\t\t\t\t\t<\/a>\n\t\t\t\t\t\t\t<a class=\"e-gallery-item elementor-gallery-item elementor-animated-content\" href=\"https:\/\/www.oasisdeamorypaz.org\/wp-content\/uploads\/2024\/05\/oasisdeamorypaz-laurita-gallery-6.jpg\" data-elementor-open-lightbox=\"yes\" data-elementor-lightbox-slideshow=\"1defb74\" data-e-action-hash=\"#elementor-action%3Aaction%3Dlightbox%26settings%3DeyJpZCI6NjYxLCJ1cmwiOiJodHRwczpcL1wvd3d3Lm9hc2lzZGVhbW9yeXBhei5vcmdcL3dwLWNvbnRlbnRcL3VwbG9hZHNcLzIwMjRcLzA1XC9vYXNpc2RlYW1vcnlwYXotbGF1cml0YS1nYWxsZXJ5LTYuanBnIiwic2xpZGVzaG93IjoiMWRlZmI3NCJ9\">\n\t\t\t\t\t<div class=\"e-gallery-image elementor-gallery-item__image\" data-thumbnail=\"https:\/\/www.oasisdeamorypaz.org\/wp-content\/uploads\/2024\/05\/oasisdeamorypaz-laurita-gallery-6.jpg\" data-width=\"1920\" data-height=\"1299\" aria-label=\"\" role=\"img\" ><\/div>\n\t\t\t\t\t\t\t\t\t\t\t<div class=\"elementor-gallery-item__overlay\"><\/div>\n\t\t\t\t\t\t\t\t\t\t\t\t\t\t<\/a>\n\t\t\t\t\t<\/div>\n\t\t\t<\/div>\n\t\t\t\t<\/div>\n\t\t\t\t\t<\/div>\n\t\t\t\t<\/div>\n\t\t\t\t<\/div>\n\t\t","protected":false},"excerpt":{"rendered":"<p>Il progetto Casa Laurita Si tratta di una casa rurale ristrutturata, in \u00c1brego, in mezzo alle coltivazioni di caff\u00e8, in cui vivono le trenta bambine e giovani ragazze ospiti della missione. L&#8217;opera \u00e8 stata finanziata dalla Cooperazione del Principato di Monaco, dall&#8217;Associazione Mamre di Borgomanero, in provincia di Novara (Italia), dalla Fondazione CEUS di Madrid (Spagna), e da contributi di privati. Sostieni il progetto<\/p>\n","protected":false},"author":1,"featured_media":0,"parent":0,"menu_order":0,"comment_status":"closed","ping_status":"closed","template":"","meta":{"footnotes":""},"class_list":["post-1188","page","type-page","status-publish","hentry"],"_links":{"self":[{"href":"https:\/\/www.oasisdeamorypaz.org\/it\/wp-json\/wp\/v2\/pages\/1188","targetHints":{"allow":["GET"]}}],"collection":[{"href":"https:\/\/www.oasisdeamorypaz.org\/it\/wp-json\/wp\/v2\/pages"}],"about":[{"href":"https:\/\/www.oasisdeamorypaz.org\/it\/wp-json\/wp\/v2\/types\/page"}],"author":[{"embeddable":true,"href":"https:\/\/www.oasisdeamorypaz.org\/it\/wp-json\/wp\/v2\/users\/1"}],"replies":[{"embeddable":true,"href":"https:\/\/www.oasisdeamorypaz.org\/it\/wp-json\/wp\/v2\/comments?post=1188"}],"version-history":[{"count":15,"href":"https:\/\/www.oasisdeamorypaz.org\/it\/wp-json\/wp\/v2\/pages\/1188\/revisions"}],"predecessor-version":[{"id":1742,"href":"https:\/\/www.oasisdeamorypaz.org\/it\/wp-json\/wp\/v2\/pages\/1188\/revisions\/1742"}],"wp:attachment":[{"href":"https:\/\/www.oasisdeamorypaz.org\/it\/wp-json\/wp\/v2\/media?parent=1188"}],"curies":[{"name":"wp","href":"https:\/\/api.w.org\/{rel}","templated":true}]}}