{"id":1932,"date":"2024-05-02T14:56:15","date_gmt":"2024-05-02T14:56:15","guid":{"rendered":"https:\/\/www.oasisdeamorypaz.org\/?page_id=1932"},"modified":"2024-10-04T10:13:13","modified_gmt":"2024-10-04T10:13:13","slug":"home","status":"publish","type":"page","link":"https:\/\/www.oasisdeamorypaz.org\/fr\/","title":{"rendered":"Home"},"content":{"rendered":"\t\t<div data-elementor-type=\"wp-page\" data-elementor-id=\"1932\" class=\"elementor elementor-1932 elementor-24\" data-elementor-post-type=\"page\">\n\t\t\t\t<div class=\"elementor-element elementor-element-5610741 e-con-full e-flex wpr-particle-no wpr-jarallax-no wpr-parallax-no wpr-sticky-section-no e-con e-parent\" data-id=\"5610741\" data-element_type=\"container\" data-settings=\"{&quot;background_background&quot;:&quot;classic&quot;}\">\n\t\t<div class=\"elementor-element elementor-element-9f24a9a e-con-full e-flex wpr-particle-no wpr-jarallax-no wpr-parallax-no wpr-sticky-section-no e-con e-child\" data-id=\"9f24a9a\" data-element_type=\"container\">\n\t\t\t\t<div class=\"elementor-element elementor-element-6f376d4 elementor-widget elementor-widget-text-editor\" data-id=\"6f376d4\" data-element_type=\"widget\" data-widget_type=\"text-editor.default\">\n\t\t\t\t<div class=\"elementor-widget-container\">\n\t\t\t\t\t\t\t<p>Nous luttons pour la paix<\/p>\t\t\t\t\t\t<\/div>\n\t\t\t\t<\/div>\n\t\t\t\t<div class=\"elementor-element elementor-element-b24ba68 elementor-widget__width-initial elementor-widget elementor-widget-heading\" data-id=\"b24ba68\" data-element_type=\"widget\" data-widget_type=\"heading.default\">\n\t\t\t\t<div class=\"elementor-widget-container\">\n\t\t\t<h1 class=\"elementor-heading-title elementor-size-default\">Former et \u00e9duquer dans une mentalit\u00e9 de paix<\/h1>\t\t<\/div>\n\t\t\t\t<\/div>\n\t\t\t\t<div class=\"elementor-element elementor-element-4a6d492 elementor-widget elementor-widget-button\" data-id=\"4a6d492\" data-element_type=\"widget\" data-widget_type=\"button.default\">\n\t\t\t\t<div class=\"elementor-widget-container\">\n\t\t\t\t\t<div class=\"elementor-button-wrapper\">\n\t\t\t<a class=\"elementor-button elementor-button-link elementor-size-sm\" href=\"https:\/\/www.oasisdeamorypaz.org\/fr\/ayudanos\/\">\n\t\t\t\t\t\t<span class=\"elementor-button-content-wrapper\">\n\t\t\t\t\t\t\t\t\t<span class=\"elementor-button-text\">SOUTENEZ LE PROJET<\/span>\n\t\t\t\t\t<\/span>\n\t\t\t\t\t<\/a>\n\t\t<\/div>\n\t\t\t\t<\/div>\n\t\t\t\t<\/div>\n\t\t\t\t<\/div>\n\t\t\t\t<\/div>\n\t\t<div class=\"elementor-element elementor-element-5de4258 e-con-full e-flex wpr-particle-no wpr-jarallax-no wpr-parallax-no wpr-sticky-section-no e-con e-parent\" data-id=\"5de4258\" data-element_type=\"container\">\n\t\t<div class=\"elementor-element elementor-element-f0c640f e-con-full e-flex wpr-particle-no wpr-jarallax-no wpr-parallax-no wpr-sticky-section-no e-con e-child\" data-id=\"f0c640f\" data-element_type=\"container\">\n\t\t<div class=\"elementor-element elementor-element-b62f2ea e-flex e-con-boxed wpr-particle-no wpr-jarallax-no wpr-parallax-no wpr-sticky-section-no e-con e-child\" data-id=\"b62f2ea\" data-element_type=\"container\" data-settings=\"{&quot;background_background&quot;:&quot;classic&quot;}\">\n\t\t\t\t\t<div class=\"e-con-inner\">\n\t\t<div class=\"elementor-element elementor-element-5f4f0fe e-con-full e-flex wpr-particle-no wpr-jarallax-no wpr-parallax-no wpr-sticky-section-no e-con e-child\" data-id=\"5f4f0fe\" data-element_type=\"container\" data-settings=\"{&quot;background_background&quot;:&quot;classic&quot;}\">\n\t\t\t\t<\/div>\n\t\t<div class=\"elementor-element elementor-element-716c33b e-con-full e-flex wpr-particle-no wpr-jarallax-no wpr-parallax-no wpr-sticky-section-no e-con e-child\" data-id=\"716c33b\" data-element_type=\"container\">\n\t\t\t\t<div class=\"elementor-element elementor-element-85f9ef5 elementor-widget elementor-widget-text-editor\" data-id=\"85f9ef5\" data-element_type=\"widget\" data-widget_type=\"text-editor.default\">\n\t\t\t\t<div class=\"elementor-widget-container\">\n\t\t\t\t\t\t\t<p>La Fondation<\/p>\t\t\t\t\t\t<\/div>\n\t\t\t\t<\/div>\n\t\t\t\t<div class=\"elementor-element elementor-element-c504946 elementor-widget__width-initial elementor-widget elementor-widget-heading\" data-id=\"c504946\" data-element_type=\"widget\" data-widget_type=\"heading.default\">\n\t\t\t\t<div class=\"elementor-widget-container\">\n\t\t\t<h2 class=\"elementor-heading-title elementor-size-default\">Fundaci\u00f3n Oasis\nde Amor y Paz ONG<\/h2>\t\t<\/div>\n\t\t\t\t<\/div>\n\t\t\t\t<div class=\"elementor-element elementor-element-0b038d8 elementor-widget__width-initial elementor-widget elementor-widget-text-editor\" data-id=\"0b038d8\" data-element_type=\"widget\" data-widget_type=\"text-editor.default\">\n\t\t\t\t<div class=\"elementor-widget-container\">\n\t\t\t\t\t\t\t<p class=\"p1\">La <strong>Fundaci\u00f3n Oasis de Amor y Paz (FOAP)<\/strong> est une organisation sans but lucratif qui \u0153uvre dans le nord-est de la Colombie, dans la ville de \u00c1brego, dans le d\u00e9partement du Norte de Santander,<span class=\"s3\"> un <\/span>territoire qui subit depuis longtemps un conflit arm\u00e9 pour le contr\u00f4le du trafic de drogue. Son objectif est de <strong>former<\/strong> et <strong>d\u2019\u00e9duquer<\/strong> \u00e0 la <strong>paix<\/strong>.<\/p>\t\t\t\t\t\t<\/div>\n\t\t\t\t<\/div>\n\t\t\t\t<div class=\"elementor-element elementor-element-e43c8a1 elementor-widget elementor-widget-button\" data-id=\"e43c8a1\" data-element_type=\"widget\" data-widget_type=\"button.default\">\n\t\t\t\t<div class=\"elementor-widget-container\">\n\t\t\t\t\t<div class=\"elementor-button-wrapper\">\n\t\t\t<a class=\"elementor-button elementor-button-link elementor-size-sm\" href=\"https:\/\/www.oasisdeamorypaz.org\/fr\/quienes-somos\/\">\n\t\t\t\t\t\t<span class=\"elementor-button-content-wrapper\">\n\t\t\t\t\t\t\t\t\t<span class=\"elementor-button-text\">EN SAVOIR PLUS<\/span>\n\t\t\t\t\t<\/span>\n\t\t\t\t\t<\/a>\n\t\t<\/div>\n\t\t\t\t<\/div>\n\t\t\t\t<\/div>\n\t\t\t\t<\/div>\n\t\t\t\t\t<\/div>\n\t\t\t\t<\/div>\n\t\t\t\t<\/div>\n\t\t<div class=\"elementor-element elementor-element-bf7902f e-con-full e-flex wpr-particle-no wpr-jarallax-no wpr-parallax-no wpr-sticky-section-no e-con e-child\" data-id=\"bf7902f\" data-element_type=\"container\">\n\t\t<div class=\"elementor-element elementor-element-a5d2540 e-flex e-con-boxed wpr-particle-no wpr-jarallax-no wpr-parallax-no wpr-sticky-section-no e-con e-child\" data-id=\"a5d2540\" data-element_type=\"container\" data-settings=\"{&quot;background_background&quot;:&quot;classic&quot;}\">\n\t\t\t\t\t<div class=\"e-con-inner\">\n\t\t<div class=\"elementor-element elementor-element-51bd04c e-con-full e-flex wpr-particle-no wpr-jarallax-no wpr-parallax-no wpr-sticky-section-no e-con e-child\" data-id=\"51bd04c\" data-element_type=\"container\">\n\t\t\t\t<div class=\"elementor-element elementor-element-c8f06e1 elementor-widget elementor-widget-text-editor\" data-id=\"c8f06e1\" data-element_type=\"widget\" data-widget_type=\"text-editor.default\">\n\t\t\t\t<div class=\"elementor-widget-container\">\n\t\t\t\t\t\t\t<p>Les projets<\/p>\t\t\t\t\t\t<\/div>\n\t\t\t\t<\/div>\n\t\t\t\t<div class=\"elementor-element elementor-element-8c86382 elementor-widget__width-initial elementor-widget elementor-widget-heading\" data-id=\"8c86382\" data-element_type=\"widget\" data-widget_type=\"heading.default\">\n\t\t\t\t<div class=\"elementor-widget-container\">\n\t\t\t<h2 class=\"elementor-heading-title elementor-size-default\">Un engagement continu<\/h2>\t\t<\/div>\n\t\t\t\t<\/div>\n\t\t\t\t<div class=\"elementor-element elementor-element-44eb260 elementor-widget__width-initial elementor-widget elementor-widget-text-editor\" data-id=\"44eb260\" data-element_type=\"widget\" data-widget_type=\"text-editor.default\">\n\t\t\t\t<div class=\"elementor-widget-container\">\n\t\t\t\t\t\t\t<p class=\"p1\">Le travail de la FOAP a commenc\u00e9 en <strong>janvier 2007<\/strong> avec dix enfants. Aujourd\u2019hui, entre les petits, les adolescents, les jeunes et les familles,<span class=\"Apple-converted-space\">\u00a0 <\/span>provenant tous des territoires en conflit, les b\u00e9n\u00e9ficiaires sont <strong>plus de 150<\/strong> et ils r\u00e9sident dans les trois diff\u00e9rents centres de la Fondation<span class=\"s2\">.<\/span><\/p>\t\t\t\t\t\t<\/div>\n\t\t\t\t<\/div>\n\t\t\t\t<\/div>\n\t\t<div class=\"elementor-element elementor-element-93be091 e-con-full e-flex wpr-particle-no wpr-jarallax-no wpr-parallax-no wpr-sticky-section-no e-con e-child\" data-id=\"93be091\" data-element_type=\"container\" data-settings=\"{&quot;background_background&quot;:&quot;classic&quot;}\">\n\t\t\t\t<\/div>\n\t\t\t\t\t<\/div>\n\t\t\t\t<\/div>\n\t\t\t\t<\/div>\n\t\t\t\t<\/div>\n\t\t<div class=\"elementor-element elementor-element-7035117 e-con-full e-flex wpr-particle-no wpr-jarallax-no wpr-parallax-no wpr-sticky-section-no e-con e-parent\" data-id=\"7035117\" data-element_type=\"container\" data-settings=\"{&quot;background_background&quot;:&quot;classic&quot;}\">\n\t\t<div class=\"elementor-element elementor-element-ac5c6d2 e-con-full e-flex wpr-particle-no wpr-jarallax-no wpr-parallax-no wpr-sticky-section-no e-con e-child\" data-id=\"ac5c6d2\" data-element_type=\"container\">\n\t\t\t\t<div class=\"elementor-element elementor-element-5aeaed0 elementor-widget elementor-widget-text-editor\" data-id=\"5aeaed0\" data-element_type=\"widget\" data-widget_type=\"text-editor.default\">\n\t\t\t\t<div class=\"elementor-widget-container\">\n\t\t\t\t\t\t\t<p>Votre aide est importante!<\/p>\t\t\t\t\t\t<\/div>\n\t\t\t\t<\/div>\n\t\t\t\t<div class=\"elementor-element elementor-element-2ee01bb elementor-widget__width-initial elementor-widget elementor-widget-heading\" data-id=\"2ee01bb\" data-element_type=\"widget\" data-widget_type=\"heading.default\">\n\t\t\t\t<div class=\"elementor-widget-container\">\n\t\t\t<h2 class=\"elementor-heading-title elementor-size-default\">Par un simple geste, vous pouvez aider \u00e0 soutenir les enfants de notre mission.<\/h2>\t\t<\/div>\n\t\t\t\t<\/div>\n\t\t\t\t<div class=\"elementor-element elementor-element-0ab87e1 donate-button elementor-widget elementor-widget-button\" data-id=\"0ab87e1\" data-element_type=\"widget\" data-widget_type=\"button.default\">\n\t\t\t\t<div class=\"elementor-widget-container\">\n\t\t\t\t\t<div class=\"elementor-button-wrapper\">\n\t\t\t<a class=\"elementor-button elementor-button-link elementor-size-sm\" href=\"https:\/\/www.oasisdeamorypaz.org\/fr\/ayudanos\/\">\n\t\t\t\t\t\t<span class=\"elementor-button-content-wrapper\">\n\t\t\t\t\t\t<span class=\"elementor-button-icon\">\n\t\t\t\t<svg aria-hidden=\"true\" class=\"e-font-icon-svg e-fas-heart\" viewBox=\"0 0 512 512\" xmlns=\"http:\/\/www.w3.org\/2000\/svg\"><path d=\"M462.3 62.6C407.5 15.9 326 24.3 275.7 76.2L256 96.5l-19.7-20.3C186.1 24.3 104.5 15.9 49.7 62.6c-62.8 53.6-66.1 149.8-9.9 207.9l193.5 199.8c12.5 12.9 32.8 12.9 45.3 0l193.5-199.8c56.3-58.1 53-154.3-9.8-207.9z\"><\/path><\/svg>\t\t\t<\/span>\n\t\t\t\t\t\t\t\t\t<span class=\"elementor-button-text\">FAIRE UN DON<\/span>\n\t\t\t\t\t<\/span>\n\t\t\t\t\t<\/a>\n\t\t<\/div>\n\t\t\t\t<\/div>\n\t\t\t\t<\/div>\n\t\t\t\t<\/div>\n\t\t\t\t<\/div>\n\t\t\t\t<\/div>\n\t\t","protected":false},"excerpt":{"rendered":"<p>Nous luttons pour la paix Former et \u00e9duquer dans une mentalit\u00e9 de paix SOUTENEZ LE PROJET La Fondation Fundaci\u00f3n Oasis de Amor y Paz ONG La Fundaci\u00f3n Oasis de Amor y Paz (FOAP) est une organisation sans but lucratif qui \u0153uvre dans le nord-est de la Colombie, dans la ville de \u00c1brego, dans le d\u00e9partement du Norte de Santander, un territoire qui subit depuis longtemps un conflit arm\u00e9 pour le contr\u00f4le du trafic de drogue. Son objectif est de former et d\u2019\u00e9duquer \u00e0 la paix. EN SAVOIR PLUS Les projets Un engagement continu Le travail de la FOAP a commenc\u00e9 en janvier 2007 avec dix enfants. Aujourd\u2019hui, entre les petits, les adolescents, les jeunes et les familles,\u00a0 provenant tous des territoires en conflit, les b\u00e9n\u00e9ficiaires sont plus de 150 et ils r\u00e9sident dans les trois diff\u00e9rents centres de la Fondation. Votre aide est importante! Par un simple geste, vous pouvez aider \u00e0 soutenir les enfants de notre mission. FAIRE UN DON<\/p>\n","protected":false},"author":1,"featured_media":0,"parent":0,"menu_order":0,"comment_status":"closed","ping_status":"closed","template":"","meta":{"footnotes":""},"class_list":["post-1932","page","type-page","status-publish","hentry"],"_links":{"self":[{"href":"https:\/\/www.oasisdeamorypaz.org\/fr\/wp-json\/wp\/v2\/pages\/1932","targetHints":{"allow":["GET"]}}],"collection":[{"href":"https:\/\/www.oasisdeamorypaz.org\/fr\/wp-json\/wp\/v2\/pages"}],"about":[{"href":"https:\/\/www.oasisdeamorypaz.org\/fr\/wp-json\/wp\/v2\/types\/page"}],"author":[{"embeddable":true,"href":"https:\/\/www.oasisdeamorypaz.org\/fr\/wp-json\/wp\/v2\/users\/1"}],"replies":[{"embeddable":true,"href":"https:\/\/www.oasisdeamorypaz.org\/fr\/wp-json\/wp\/v2\/comments?post=1932"}],"version-history":[{"count":12,"href":"https:\/\/www.oasisdeamorypaz.org\/fr\/wp-json\/wp\/v2\/pages\/1932\/revisions"}],"predecessor-version":[{"id":1989,"href":"https:\/\/www.oasisdeamorypaz.org\/fr\/wp-json\/wp\/v2\/pages\/1932\/revisions\/1989"}],"wp:attachment":[{"href":"https:\/\/www.oasisdeamorypaz.org\/fr\/wp-json\/wp\/v2\/media?parent=1932"}],"curies":[{"name":"wp","href":"https:\/\/api.w.org\/{rel}","templated":true}]}}