{"id":1164,"date":"2024-05-13T14:39:28","date_gmt":"2024-05-13T14:39:28","guid":{"rendered":"https:\/\/www.oasisdeamorypaz.org\/comedor\/"},"modified":"2024-10-04T10:44:04","modified_gmt":"2024-10-04T10:44:04","slug":"comedor","status":"publish","type":"page","link":"https:\/\/www.oasisdeamorypaz.org\/fr\/comedor\/","title":{"rendered":"Comedor"},"content":{"rendered":"\t\t<div data-elementor-type=\"wp-page\" data-elementor-id=\"1164\" class=\"elementor elementor-1164 elementor-563\" data-elementor-post-type=\"page\">\n\t\t\t\t<div class=\"elementor-element elementor-element-7dd29d6 e-con-full e-flex wpr-particle-no wpr-jarallax-no wpr-parallax-no wpr-sticky-section-no e-con e-parent\" data-id=\"7dd29d6\" data-element_type=\"container\" data-settings=\"{&quot;background_background&quot;:&quot;classic&quot;}\">\n\t\t<div class=\"elementor-element elementor-element-f8c213f e-con-full e-flex wpr-particle-no wpr-jarallax-no wpr-parallax-no wpr-sticky-section-no e-con e-child\" data-id=\"f8c213f\" data-element_type=\"container\">\n\t\t\t\t<div class=\"elementor-element elementor-element-0412d50 elementor-widget elementor-widget-text-editor\" data-id=\"0412d50\" data-element_type=\"widget\" data-widget_type=\"text-editor.default\">\n\t\t\t\t<div class=\"elementor-widget-container\">\n\t\t\t\t\t\t\t<p>Le projet<\/p>\t\t\t\t\t\t<\/div>\n\t\t\t\t<\/div>\n\t\t\t\t<div class=\"elementor-element elementor-element-32c40b9 elementor-widget__width-initial elementor-widget elementor-widget-heading\" data-id=\"32c40b9\" data-element_type=\"widget\" data-widget_type=\"heading.default\">\n\t\t\t\t<div class=\"elementor-widget-container\">\n\t\t\t<h1 class=\"elementor-heading-title elementor-size-default\">R\u00e9fectoire<\/h1>\t\t<\/div>\n\t\t\t\t<\/div>\n\t\t\t\t<\/div>\n\t\t\t\t<\/div>\n\t\t<div class=\"elementor-element elementor-element-a9677d8 e-con-full e-flex wpr-particle-no wpr-jarallax-no wpr-parallax-no wpr-sticky-section-no e-con e-parent\" data-id=\"a9677d8\" data-element_type=\"container\">\n\t\t<div class=\"elementor-element elementor-element-94cc96c e-con-full e-flex wpr-particle-no wpr-jarallax-no wpr-parallax-no wpr-sticky-section-no e-con e-child\" data-id=\"94cc96c\" data-element_type=\"container\">\n\t\t<div class=\"elementor-element elementor-element-49f3d8e e-flex e-con-boxed wpr-particle-no wpr-jarallax-no wpr-parallax-no wpr-sticky-section-no e-con e-child\" data-id=\"49f3d8e\" data-element_type=\"container\" data-settings=\"{&quot;background_background&quot;:&quot;classic&quot;}\">\n\t\t\t\t\t<div class=\"e-con-inner\">\n\t\t<div class=\"elementor-element elementor-element-ebcdde6 e-con-full e-flex wpr-particle-no wpr-jarallax-no wpr-parallax-no wpr-sticky-section-no e-con e-child\" data-id=\"ebcdde6\" data-element_type=\"container\" data-settings=\"{&quot;background_background&quot;:&quot;classic&quot;}\">\n\t\t\t\t<\/div>\n\t\t<div class=\"elementor-element elementor-element-4e1297d e-con-full e-flex wpr-particle-no wpr-jarallax-no wpr-parallax-no wpr-sticky-section-no e-con e-child\" data-id=\"4e1297d\" data-element_type=\"container\">\n\t\t\t\t<div class=\"elementor-element elementor-element-1765e56 elementor-widget__width-initial elementor-widget elementor-widget-text-editor\" data-id=\"1765e56\" data-element_type=\"widget\" data-widget_type=\"text-editor.default\">\n\t\t\t\t<div class=\"elementor-widget-container\">\n\t\t\t\t\t\t\t<p class=\"p1\">Il s\u2019agit d\u2019un espace qui peut accueillir une centaine de personnes.<\/p><p class=\"p2\">Inaugur\u00e9e le <strong>20 janvier 2017<\/strong>, c\u2019est un cadeau sp\u00e9cial que <strong>Fabrizio Pennella<\/strong> et <strong>Cristina Vinci<\/strong> ont fait aux enfants de l&rsquo;Oasi: \u00e0 l\u2019occasion de leur mariage c\u00e9l\u00e9br\u00e9 en 2016, le couple italien a demand\u00e9 \u00e0<span class=\"s2\"> leurs familles <\/span>et amis, au lieu de leur offrir des cadeaux, de faire un don en faveur des enfants de la Fondation.<\/p>\t\t\t\t\t\t<\/div>\n\t\t\t\t<\/div>\n\t\t\t\t<div class=\"elementor-element elementor-element-4fc79c2 donate-button elementor-widget elementor-widget-button\" data-id=\"4fc79c2\" data-element_type=\"widget\" data-widget_type=\"button.default\">\n\t\t\t\t<div class=\"elementor-widget-container\">\n\t\t\t\t\t<div class=\"elementor-button-wrapper\">\n\t\t\t<a class=\"elementor-button elementor-button-link elementor-size-sm\" href=\"https:\/\/www.oasisdeamorypaz.org\/fr\/ayudanos\/\">\n\t\t\t\t\t\t<span class=\"elementor-button-content-wrapper\">\n\t\t\t\t\t\t<span class=\"elementor-button-icon\">\n\t\t\t\t<svg aria-hidden=\"true\" class=\"e-font-icon-svg e-fas-heart\" viewBox=\"0 0 512 512\" xmlns=\"http:\/\/www.w3.org\/2000\/svg\"><path d=\"M462.3 62.6C407.5 15.9 326 24.3 275.7 76.2L256 96.5l-19.7-20.3C186.1 24.3 104.5 15.9 49.7 62.6c-62.8 53.6-66.1 149.8-9.9 207.9l193.5 199.8c12.5 12.9 32.8 12.9 45.3 0l193.5-199.8c56.3-58.1 53-154.3-9.8-207.9z\"><\/path><\/svg>\t\t\t<\/span>\n\t\t\t\t\t\t\t\t\t<span class=\"elementor-button-text\">soutenir le projet<\/span>\n\t\t\t\t\t<\/span>\n\t\t\t\t\t<\/a>\n\t\t<\/div>\n\t\t\t\t<\/div>\n\t\t\t\t<\/div>\n\t\t\t\t<\/div>\n\t\t\t\t\t<\/div>\n\t\t\t\t<\/div>\n\t\t\t\t<\/div>\n\t\t\t\t<\/div>\n\t\t<div class=\"elementor-element elementor-element-7f8cf1b e-flex e-con-boxed wpr-particle-no wpr-jarallax-no wpr-parallax-no wpr-sticky-section-no e-con e-parent\" data-id=\"7f8cf1b\" data-element_type=\"container\">\n\t\t\t\t\t<div class=\"e-con-inner\">\n\t\t\t\t<div class=\"elementor-element elementor-element-848c063 elementor-widget elementor-widget-gallery\" data-id=\"848c063\" data-element_type=\"widget\" data-settings=\"{&quot;columns&quot;:3,&quot;gap&quot;:{&quot;unit&quot;:&quot;px&quot;,&quot;size&quot;:30,&quot;sizes&quot;:[]},&quot;aspect_ratio&quot;:&quot;1:1&quot;,&quot;columns_mobile&quot;:2,&quot;gap_tablet&quot;:{&quot;unit&quot;:&quot;px&quot;,&quot;size&quot;:20,&quot;sizes&quot;:[]},&quot;lazyload&quot;:&quot;yes&quot;,&quot;gallery_layout&quot;:&quot;grid&quot;,&quot;columns_tablet&quot;:2,&quot;gap_mobile&quot;:{&quot;unit&quot;:&quot;px&quot;,&quot;size&quot;:10,&quot;sizes&quot;:[]},&quot;link_to&quot;:&quot;file&quot;,&quot;overlay_background&quot;:&quot;yes&quot;,&quot;content_hover_animation&quot;:&quot;fade-in&quot;}\" data-widget_type=\"gallery.default\">\n\t\t\t\t<div class=\"elementor-widget-container\">\n\t\t\t\t\t<div class=\"elementor-gallery__container\">\n\t\t\t\t\t\t\t<a class=\"e-gallery-item elementor-gallery-item elementor-animated-content\" href=\"https:\/\/www.oasisdeamorypaz.org\/wp-content\/uploads\/2024\/05\/oasisdeamorypaz-comedor-gallery-1-1.jpg\" data-elementor-open-lightbox=\"yes\" data-elementor-lightbox-slideshow=\"848c063\" data-e-action-hash=\"#elementor-action%3Aaction%3Dlightbox%26settings%3DeyJpZCI6NjMxLCJ1cmwiOiJodHRwczpcL1wvd3d3Lm9hc2lzZGVhbW9yeXBhei5vcmdcL3dwLWNvbnRlbnRcL3VwbG9hZHNcLzIwMjRcLzA1XC9vYXNpc2RlYW1vcnlwYXotY29tZWRvci1nYWxsZXJ5LTEtMS5qcGciLCJzbGlkZXNob3ciOiI4NDhjMDYzIn0%3D\">\n\t\t\t\t\t<div class=\"e-gallery-image elementor-gallery-item__image\" data-thumbnail=\"https:\/\/www.oasisdeamorypaz.org\/wp-content\/uploads\/2024\/05\/oasisdeamorypaz-comedor-gallery-1-1.jpg\" data-width=\"1920\" data-height=\"1440\" aria-label=\"\" role=\"img\" ><\/div>\n\t\t\t\t\t\t\t\t\t\t\t<div class=\"elementor-gallery-item__overlay\"><\/div>\n\t\t\t\t\t\t\t\t\t\t\t\t\t\t<\/a>\n\t\t\t\t\t\t\t<a class=\"e-gallery-item elementor-gallery-item elementor-animated-content\" href=\"https:\/\/www.oasisdeamorypaz.org\/wp-content\/uploads\/2024\/05\/oasisdeamorypaz-comedor-gallery-2-1.jpg\" data-elementor-open-lightbox=\"yes\" data-elementor-lightbox-slideshow=\"848c063\" data-e-action-hash=\"#elementor-action%3Aaction%3Dlightbox%26settings%3DeyJpZCI6NjMyLCJ1cmwiOiJodHRwczpcL1wvd3d3Lm9hc2lzZGVhbW9yeXBhei5vcmdcL3dwLWNvbnRlbnRcL3VwbG9hZHNcLzIwMjRcLzA1XC9vYXNpc2RlYW1vcnlwYXotY29tZWRvci1nYWxsZXJ5LTItMS5qcGciLCJzbGlkZXNob3ciOiI4NDhjMDYzIn0%3D\">\n\t\t\t\t\t<div class=\"e-gallery-image elementor-gallery-item__image\" data-thumbnail=\"https:\/\/www.oasisdeamorypaz.org\/wp-content\/uploads\/2024\/05\/oasisdeamorypaz-comedor-gallery-2-1.jpg\" data-width=\"1920\" data-height=\"1440\" aria-label=\"\" role=\"img\" ><\/div>\n\t\t\t\t\t\t\t\t\t\t\t<div class=\"elementor-gallery-item__overlay\"><\/div>\n\t\t\t\t\t\t\t\t\t\t\t\t\t\t<\/a>\n\t\t\t\t\t\t\t<a class=\"e-gallery-item elementor-gallery-item elementor-animated-content\" href=\"https:\/\/www.oasisdeamorypaz.org\/wp-content\/uploads\/2024\/05\/oasisdeamorypaz-comedor-gallery-3-1.jpg\" data-elementor-open-lightbox=\"yes\" data-elementor-lightbox-slideshow=\"848c063\" data-e-action-hash=\"#elementor-action%3Aaction%3Dlightbox%26settings%3DeyJpZCI6NjMzLCJ1cmwiOiJodHRwczpcL1wvd3d3Lm9hc2lzZGVhbW9yeXBhei5vcmdcL3dwLWNvbnRlbnRcL3VwbG9hZHNcLzIwMjRcLzA1XC9vYXNpc2RlYW1vcnlwYXotY29tZWRvci1nYWxsZXJ5LTMtMS5qcGciLCJzbGlkZXNob3ciOiI4NDhjMDYzIn0%3D\">\n\t\t\t\t\t<div class=\"e-gallery-image elementor-gallery-item__image\" data-thumbnail=\"https:\/\/www.oasisdeamorypaz.org\/wp-content\/uploads\/2024\/05\/oasisdeamorypaz-comedor-gallery-3-1.jpg\" data-width=\"1920\" data-height=\"1440\" aria-label=\"\" role=\"img\" ><\/div>\n\t\t\t\t\t\t\t\t\t\t\t<div class=\"elementor-gallery-item__overlay\"><\/div>\n\t\t\t\t\t\t\t\t\t\t\t\t\t\t<\/a>\n\t\t\t\t\t\t\t<a class=\"e-gallery-item elementor-gallery-item elementor-animated-content\" href=\"https:\/\/www.oasisdeamorypaz.org\/wp-content\/uploads\/2024\/05\/oasisdeamorypaz-comedor-gallery-4-1.jpg\" data-elementor-open-lightbox=\"yes\" data-elementor-lightbox-slideshow=\"848c063\" data-e-action-hash=\"#elementor-action%3Aaction%3Dlightbox%26settings%3DeyJpZCI6NjM1LCJ1cmwiOiJodHRwczpcL1wvd3d3Lm9hc2lzZGVhbW9yeXBhei5vcmdcL3dwLWNvbnRlbnRcL3VwbG9hZHNcLzIwMjRcLzA1XC9vYXNpc2RlYW1vcnlwYXotY29tZWRvci1nYWxsZXJ5LTQtMS5qcGciLCJzbGlkZXNob3ciOiI4NDhjMDYzIn0%3D\">\n\t\t\t\t\t<div class=\"e-gallery-image elementor-gallery-item__image\" data-thumbnail=\"https:\/\/www.oasisdeamorypaz.org\/wp-content\/uploads\/2024\/05\/oasisdeamorypaz-comedor-gallery-4-1.jpg\" data-width=\"1920\" data-height=\"1285\" aria-label=\"\" role=\"img\" ><\/div>\n\t\t\t\t\t\t\t\t\t\t\t<div class=\"elementor-gallery-item__overlay\"><\/div>\n\t\t\t\t\t\t\t\t\t\t\t\t\t\t<\/a>\n\t\t\t\t\t\t\t<a class=\"e-gallery-item elementor-gallery-item elementor-animated-content\" href=\"https:\/\/www.oasisdeamorypaz.org\/wp-content\/uploads\/2024\/05\/oasisdeamorypaz-comedor-gallery-5-1.jpg\" data-elementor-open-lightbox=\"yes\" data-elementor-lightbox-slideshow=\"848c063\" data-e-action-hash=\"#elementor-action%3Aaction%3Dlightbox%26settings%3DeyJpZCI6NjM2LCJ1cmwiOiJodHRwczpcL1wvd3d3Lm9hc2lzZGVhbW9yeXBhei5vcmdcL3dwLWNvbnRlbnRcL3VwbG9hZHNcLzIwMjRcLzA1XC9vYXNpc2RlYW1vcnlwYXotY29tZWRvci1nYWxsZXJ5LTUtMS5qcGciLCJzbGlkZXNob3ciOiI4NDhjMDYzIn0%3D\">\n\t\t\t\t\t<div class=\"e-gallery-image elementor-gallery-item__image\" data-thumbnail=\"https:\/\/www.oasisdeamorypaz.org\/wp-content\/uploads\/2024\/05\/oasisdeamorypaz-comedor-gallery-5-1.jpg\" data-width=\"1920\" data-height=\"1277\" aria-label=\"\" role=\"img\" ><\/div>\n\t\t\t\t\t\t\t\t\t\t\t<div class=\"elementor-gallery-item__overlay\"><\/div>\n\t\t\t\t\t\t\t\t\t\t\t\t\t\t<\/a>\n\t\t\t\t\t\t\t<a class=\"e-gallery-item elementor-gallery-item elementor-animated-content\" href=\"https:\/\/www.oasisdeamorypaz.org\/wp-content\/uploads\/2024\/05\/oasisdeamorypaz-comedor-gallery-6-1.jpg\" data-elementor-open-lightbox=\"yes\" data-elementor-lightbox-slideshow=\"848c063\" data-e-action-hash=\"#elementor-action%3Aaction%3Dlightbox%26settings%3DeyJpZCI6NjM3LCJ1cmwiOiJodHRwczpcL1wvd3d3Lm9hc2lzZGVhbW9yeXBhei5vcmdcL3dwLWNvbnRlbnRcL3VwbG9hZHNcLzIwMjRcLzA1XC9vYXNpc2RlYW1vcnlwYXotY29tZWRvci1nYWxsZXJ5LTYtMS5qcGciLCJzbGlkZXNob3ciOiI4NDhjMDYzIn0%3D\">\n\t\t\t\t\t<div class=\"e-gallery-image elementor-gallery-item__image\" data-thumbnail=\"https:\/\/www.oasisdeamorypaz.org\/wp-content\/uploads\/2024\/05\/oasisdeamorypaz-comedor-gallery-6-1.jpg\" data-width=\"1920\" data-height=\"1277\" aria-label=\"\" role=\"img\" ><\/div>\n\t\t\t\t\t\t\t\t\t\t\t<div class=\"elementor-gallery-item__overlay\"><\/div>\n\t\t\t\t\t\t\t\t\t\t\t\t\t\t<\/a>\n\t\t\t\t\t<\/div>\n\t\t\t<\/div>\n\t\t\t\t<\/div>\n\t\t\t\t\t<\/div>\n\t\t\t\t<\/div>\n\t\t\t\t<\/div>\n\t\t","protected":false},"excerpt":{"rendered":"<p>Le projet R\u00e9fectoire Il s\u2019agit d\u2019un espace qui peut accueillir une centaine de personnes. Inaugur\u00e9e le 20 janvier 2017, c\u2019est un cadeau sp\u00e9cial que Fabrizio Pennella et Cristina Vinci ont fait aux enfants de l&rsquo;Oasi: \u00e0 l\u2019occasion de leur mariage c\u00e9l\u00e9br\u00e9 en 2016, le couple italien a demand\u00e9 \u00e0 leurs familles et amis, au lieu de leur offrir des cadeaux, de faire un don en faveur des enfants de la Fondation. soutenir le projet<\/p>\n","protected":false},"author":1,"featured_media":0,"parent":0,"menu_order":0,"comment_status":"closed","ping_status":"closed","template":"","meta":{"footnotes":""},"class_list":["post-1164","page","type-page","status-publish","hentry"],"_links":{"self":[{"href":"https:\/\/www.oasisdeamorypaz.org\/fr\/wp-json\/wp\/v2\/pages\/1164","targetHints":{"allow":["GET"]}}],"collection":[{"href":"https:\/\/www.oasisdeamorypaz.org\/fr\/wp-json\/wp\/v2\/pages"}],"about":[{"href":"https:\/\/www.oasisdeamorypaz.org\/fr\/wp-json\/wp\/v2\/types\/page"}],"author":[{"embeddable":true,"href":"https:\/\/www.oasisdeamorypaz.org\/fr\/wp-json\/wp\/v2\/users\/1"}],"replies":[{"embeddable":true,"href":"https:\/\/www.oasisdeamorypaz.org\/fr\/wp-json\/wp\/v2\/comments?post=1164"}],"version-history":[{"count":5,"href":"https:\/\/www.oasisdeamorypaz.org\/fr\/wp-json\/wp\/v2\/pages\/1164\/revisions"}],"predecessor-version":[{"id":2030,"href":"https:\/\/www.oasisdeamorypaz.org\/fr\/wp-json\/wp\/v2\/pages\/1164\/revisions\/2030"}],"wp:attachment":[{"href":"https:\/\/www.oasisdeamorypaz.org\/fr\/wp-json\/wp\/v2\/media?parent=1164"}],"curies":[{"name":"wp","href":"https:\/\/api.w.org\/{rel}","templated":true}]}}