{"id":1157,"date":"2024-05-02T15:55:44","date_gmt":"2024-05-02T15:55:44","guid":{"rendered":"https:\/\/www.oasisdeamorypaz.org\/casa-de-los-angeles\/"},"modified":"2024-10-04T10:42:35","modified_gmt":"2024-10-04T10:42:35","slug":"casa-de-los-angeles","status":"publish","type":"page","link":"https:\/\/www.oasisdeamorypaz.org\/fr\/casa-de-los-angeles\/","title":{"rendered":"Casa De Los \u00c1ngeles"},"content":{"rendered":"\t\t<div data-elementor-type=\"wp-page\" data-elementor-id=\"1157\" class=\"elementor elementor-1157 elementor-45\" data-elementor-post-type=\"page\">\n\t\t\t\t<div class=\"elementor-element elementor-element-0d86024 e-con-full e-flex wpr-particle-no wpr-jarallax-no wpr-parallax-no wpr-sticky-section-no e-con e-parent\" data-id=\"0d86024\" data-element_type=\"container\" data-settings=\"{&quot;background_background&quot;:&quot;classic&quot;}\">\n\t\t<div class=\"elementor-element elementor-element-b57e51b e-con-full e-flex wpr-particle-no wpr-jarallax-no wpr-parallax-no wpr-sticky-section-no e-con e-child\" data-id=\"b57e51b\" data-element_type=\"container\">\n\t\t\t\t<div class=\"elementor-element elementor-element-70baf59 elementor-widget elementor-widget-text-editor\" data-id=\"70baf59\" data-element_type=\"widget\" data-widget_type=\"text-editor.default\">\n\t\t\t\t<div class=\"elementor-widget-container\">\n\t\t\t\t\t\t\t<p>Le projet<\/p>\t\t\t\t\t\t<\/div>\n\t\t\t\t<\/div>\n\t\t\t\t<div class=\"elementor-element elementor-element-19a087b elementor-widget__width-initial elementor-widget elementor-widget-heading\" data-id=\"19a087b\" data-element_type=\"widget\" data-widget_type=\"heading.default\">\n\t\t\t\t<div class=\"elementor-widget-container\">\n\t\t\t<h1 class=\"elementor-heading-title elementor-size-default\">Casa De Los \u00c1ngeles<\/h1>\t\t<\/div>\n\t\t\t\t<\/div>\n\t\t\t\t<\/div>\n\t\t\t\t<\/div>\n\t\t<div class=\"elementor-element elementor-element-94193f3 e-con-full e-flex wpr-particle-no wpr-jarallax-no wpr-parallax-no wpr-sticky-section-no e-con e-parent\" data-id=\"94193f3\" data-element_type=\"container\">\n\t\t<div class=\"elementor-element elementor-element-0056a07 e-con-full e-flex wpr-particle-no wpr-jarallax-no wpr-parallax-no wpr-sticky-section-no e-con e-child\" data-id=\"0056a07\" data-element_type=\"container\">\n\t\t<div class=\"elementor-element elementor-element-d7120cf e-flex e-con-boxed wpr-particle-no wpr-jarallax-no wpr-parallax-no wpr-sticky-section-no e-con e-child\" data-id=\"d7120cf\" data-element_type=\"container\" data-settings=\"{&quot;background_background&quot;:&quot;classic&quot;}\">\n\t\t\t\t\t<div class=\"e-con-inner\">\n\t\t<div class=\"elementor-element elementor-element-460f7b2 e-con-full e-flex wpr-particle-no wpr-jarallax-no wpr-parallax-no wpr-sticky-section-no e-con e-child\" data-id=\"460f7b2\" data-element_type=\"container\" data-settings=\"{&quot;background_background&quot;:&quot;classic&quot;}\">\n\t\t\t\t<\/div>\n\t\t<div class=\"elementor-element elementor-element-6e3fcdf e-con-full e-flex wpr-particle-no wpr-jarallax-no wpr-parallax-no wpr-sticky-section-no e-con e-child\" data-id=\"6e3fcdf\" data-element_type=\"container\">\n\t\t\t\t<div class=\"elementor-element elementor-element-468b3b5 elementor-widget__width-initial elementor-widget elementor-widget-text-editor\" data-id=\"468b3b5\" data-element_type=\"widget\" data-widget_type=\"text-editor.default\">\n\t\t\t\t<div class=\"elementor-widget-container\">\n\t\t\t\t\t\t\t<p class=\"p1\">La <strong>Casa de los \u00c1ngeles<\/strong> est le si\u00e8ge principal de la Fondation. Situ\u00e9e dans<span class=\"s2\"> la ville de<\/span> \u00c1brego, elle est n\u00e9e en 2007 gr\u00e2ce \u00e0 la collaboration des fid\u00e8les de la paroisse de Santa Maria degli Angeli, \u00e0 Sanremo en Italie. Cette structure se d\u00e9veloppe sur trois \u00e9tages: au premier \u00e9tage se trouvent les bureaux et les espaces communs, au deuxi\u00e8me les chambres \u00e0 coucher des enfants et au troisi\u00e8me la zone d\u00e9di\u00e9e \u00e0 l\u2019\u00e9ducation des jeunes avec la salle d\u2019\u00e9tude, la biblioth\u00e8que et la salle informatique.<\/p>\t\t\t\t\t\t<\/div>\n\t\t\t\t<\/div>\n\t\t\t\t<div class=\"elementor-element elementor-element-01fc2f6 donate-button elementor-widget elementor-widget-button\" data-id=\"01fc2f6\" data-element_type=\"widget\" data-widget_type=\"button.default\">\n\t\t\t\t<div class=\"elementor-widget-container\">\n\t\t\t\t\t<div class=\"elementor-button-wrapper\">\n\t\t\t<a class=\"elementor-button elementor-button-link elementor-size-sm\" href=\"https:\/\/www.oasisdeamorypaz.org\/fr\/ayudanos\/\">\n\t\t\t\t\t\t<span class=\"elementor-button-content-wrapper\">\n\t\t\t\t\t\t<span class=\"elementor-button-icon\">\n\t\t\t\t<svg aria-hidden=\"true\" class=\"e-font-icon-svg e-fas-heart\" viewBox=\"0 0 512 512\" xmlns=\"http:\/\/www.w3.org\/2000\/svg\"><path d=\"M462.3 62.6C407.5 15.9 326 24.3 275.7 76.2L256 96.5l-19.7-20.3C186.1 24.3 104.5 15.9 49.7 62.6c-62.8 53.6-66.1 149.8-9.9 207.9l193.5 199.8c12.5 12.9 32.8 12.9 45.3 0l193.5-199.8c56.3-58.1 53-154.3-9.8-207.9z\"><\/path><\/svg>\t\t\t<\/span>\n\t\t\t\t\t\t\t\t\t<span class=\"elementor-button-text\">soutenir le projet<\/span>\n\t\t\t\t\t<\/span>\n\t\t\t\t\t<\/a>\n\t\t<\/div>\n\t\t\t\t<\/div>\n\t\t\t\t<\/div>\n\t\t\t\t<\/div>\n\t\t\t\t\t<\/div>\n\t\t\t\t<\/div>\n\t\t\t\t<\/div>\n\t\t\t\t<\/div>\n\t\t<div class=\"elementor-element elementor-element-87c0143 e-flex e-con-boxed wpr-particle-no wpr-jarallax-no wpr-parallax-no wpr-sticky-section-no e-con e-parent\" data-id=\"87c0143\" data-element_type=\"container\">\n\t\t\t\t\t<div class=\"e-con-inner\">\n\t\t\t\t<div class=\"elementor-element elementor-element-8705f65 elementor-widget elementor-widget-gallery\" data-id=\"8705f65\" data-element_type=\"widget\" data-settings=\"{&quot;columns&quot;:3,&quot;gap&quot;:{&quot;unit&quot;:&quot;px&quot;,&quot;size&quot;:30,&quot;sizes&quot;:[]},&quot;aspect_ratio&quot;:&quot;1:1&quot;,&quot;columns_mobile&quot;:2,&quot;gap_tablet&quot;:{&quot;unit&quot;:&quot;px&quot;,&quot;size&quot;:20,&quot;sizes&quot;:[]},&quot;lazyload&quot;:&quot;yes&quot;,&quot;gallery_layout&quot;:&quot;grid&quot;,&quot;columns_tablet&quot;:2,&quot;gap_mobile&quot;:{&quot;unit&quot;:&quot;px&quot;,&quot;size&quot;:10,&quot;sizes&quot;:[]},&quot;link_to&quot;:&quot;file&quot;,&quot;overlay_background&quot;:&quot;yes&quot;,&quot;content_hover_animation&quot;:&quot;fade-in&quot;}\" data-widget_type=\"gallery.default\">\n\t\t\t\t<div class=\"elementor-widget-container\">\n\t\t\t\t\t<div class=\"elementor-gallery__container\">\n\t\t\t\t\t\t\t<a class=\"e-gallery-item elementor-gallery-item elementor-animated-content\" href=\"https:\/\/www.oasisdeamorypaz.org\/wp-content\/uploads\/2024\/05\/oasisdeamorypaz-casa-de-los-angeles-gallery-1.jpg\" data-elementor-open-lightbox=\"yes\" data-elementor-lightbox-slideshow=\"8705f65\" data-e-action-hash=\"#elementor-action%3Aaction%3Dlightbox%26settings%3DeyJpZCI6MzE3LCJ1cmwiOiJodHRwczpcL1wvd3d3Lm9hc2lzZGVhbW9yeXBhei5vcmdcL3dwLWNvbnRlbnRcL3VwbG9hZHNcLzIwMjRcLzA1XC9vYXNpc2RlYW1vcnlwYXotY2FzYS1kZS1sb3MtYW5nZWxlcy1nYWxsZXJ5LTEuanBnIiwic2xpZGVzaG93IjoiODcwNWY2NSJ9\">\n\t\t\t\t\t<div class=\"e-gallery-image elementor-gallery-item__image\" data-thumbnail=\"https:\/\/www.oasisdeamorypaz.org\/wp-content\/uploads\/2024\/05\/oasisdeamorypaz-casa-de-los-angeles-gallery-1.jpg\" data-width=\"1920\" data-height=\"1285\" aria-label=\"\" role=\"img\" ><\/div>\n\t\t\t\t\t\t\t\t\t\t\t<div class=\"elementor-gallery-item__overlay\"><\/div>\n\t\t\t\t\t\t\t\t\t\t\t\t\t\t<\/a>\n\t\t\t\t\t\t\t<a class=\"e-gallery-item elementor-gallery-item elementor-animated-content\" href=\"https:\/\/www.oasisdeamorypaz.org\/wp-content\/uploads\/2024\/05\/oasisdeamorypaz-casa-de-los-angeles-gallery-2.jpg\" data-elementor-open-lightbox=\"yes\" data-elementor-lightbox-slideshow=\"8705f65\" data-e-action-hash=\"#elementor-action%3Aaction%3Dlightbox%26settings%3DeyJpZCI6MzE4LCJ1cmwiOiJodHRwczpcL1wvd3d3Lm9hc2lzZGVhbW9yeXBhei5vcmdcL3dwLWNvbnRlbnRcL3VwbG9hZHNcLzIwMjRcLzA1XC9vYXNpc2RlYW1vcnlwYXotY2FzYS1kZS1sb3MtYW5nZWxlcy1nYWxsZXJ5LTIuanBnIiwic2xpZGVzaG93IjoiODcwNWY2NSJ9\">\n\t\t\t\t\t<div class=\"e-gallery-image elementor-gallery-item__image\" data-thumbnail=\"https:\/\/www.oasisdeamorypaz.org\/wp-content\/uploads\/2024\/05\/oasisdeamorypaz-casa-de-los-angeles-gallery-2.jpg\" data-width=\"1920\" data-height=\"1277\" aria-label=\"\" role=\"img\" ><\/div>\n\t\t\t\t\t\t\t\t\t\t\t<div class=\"elementor-gallery-item__overlay\"><\/div>\n\t\t\t\t\t\t\t\t\t\t\t\t\t\t<\/a>\n\t\t\t\t\t\t\t<a class=\"e-gallery-item elementor-gallery-item elementor-animated-content\" href=\"https:\/\/www.oasisdeamorypaz.org\/wp-content\/uploads\/2024\/05\/oasisdeamorypaz-casa-de-los-angeles-gallery-3.jpg\" data-elementor-open-lightbox=\"yes\" data-elementor-lightbox-slideshow=\"8705f65\" data-e-action-hash=\"#elementor-action%3Aaction%3Dlightbox%26settings%3DeyJpZCI6MzE2LCJ1cmwiOiJodHRwczpcL1wvd3d3Lm9hc2lzZGVhbW9yeXBhei5vcmdcL3dwLWNvbnRlbnRcL3VwbG9hZHNcLzIwMjRcLzA1XC9vYXNpc2RlYW1vcnlwYXotY2FzYS1kZS1sb3MtYW5nZWxlcy1nYWxsZXJ5LTMuanBnIiwic2xpZGVzaG93IjoiODcwNWY2NSJ9\">\n\t\t\t\t\t<div class=\"e-gallery-image elementor-gallery-item__image\" data-thumbnail=\"https:\/\/www.oasisdeamorypaz.org\/wp-content\/uploads\/2024\/05\/oasisdeamorypaz-casa-de-los-angeles-gallery-3.jpg\" data-width=\"1920\" data-height=\"1280\" aria-label=\"\" role=\"img\" ><\/div>\n\t\t\t\t\t\t\t\t\t\t\t<div class=\"elementor-gallery-item__overlay\"><\/div>\n\t\t\t\t\t\t\t\t\t\t\t\t\t\t<\/a>\n\t\t\t\t\t\t\t<a class=\"e-gallery-item elementor-gallery-item elementor-animated-content\" href=\"https:\/\/www.oasisdeamorypaz.org\/wp-content\/uploads\/2024\/05\/oasisdeamorypaz-casa-de-los-angeles-gallery-4.jpg\" data-elementor-open-lightbox=\"yes\" data-elementor-lightbox-slideshow=\"8705f65\" data-e-action-hash=\"#elementor-action%3Aaction%3Dlightbox%26settings%3DeyJpZCI6MzE1LCJ1cmwiOiJodHRwczpcL1wvd3d3Lm9hc2lzZGVhbW9yeXBhei5vcmdcL3dwLWNvbnRlbnRcL3VwbG9hZHNcLzIwMjRcLzA1XC9vYXNpc2RlYW1vcnlwYXotY2FzYS1kZS1sb3MtYW5nZWxlcy1nYWxsZXJ5LTQuanBnIiwic2xpZGVzaG93IjoiODcwNWY2NSJ9\">\n\t\t\t\t\t<div class=\"e-gallery-image elementor-gallery-item__image\" data-thumbnail=\"https:\/\/www.oasisdeamorypaz.org\/wp-content\/uploads\/2024\/05\/oasisdeamorypaz-casa-de-los-angeles-gallery-4.jpg\" data-width=\"1920\" data-height=\"1080\" aria-label=\"\" role=\"img\" ><\/div>\n\t\t\t\t\t\t\t\t\t\t\t<div class=\"elementor-gallery-item__overlay\"><\/div>\n\t\t\t\t\t\t\t\t\t\t\t\t\t\t<\/a>\n\t\t\t\t\t\t\t<a class=\"e-gallery-item elementor-gallery-item elementor-animated-content\" href=\"https:\/\/www.oasisdeamorypaz.org\/wp-content\/uploads\/2024\/05\/oasisdeamorypaz-casa-de-los-angeles-gallery-5.jpg\" data-elementor-open-lightbox=\"yes\" data-elementor-lightbox-slideshow=\"8705f65\" data-e-action-hash=\"#elementor-action%3Aaction%3Dlightbox%26settings%3DeyJpZCI6MzE0LCJ1cmwiOiJodHRwczpcL1wvd3d3Lm9hc2lzZGVhbW9yeXBhei5vcmdcL3dwLWNvbnRlbnRcL3VwbG9hZHNcLzIwMjRcLzA1XC9vYXNpc2RlYW1vcnlwYXotY2FzYS1kZS1sb3MtYW5nZWxlcy1nYWxsZXJ5LTUuanBnIiwic2xpZGVzaG93IjoiODcwNWY2NSJ9\">\n\t\t\t\t\t<div class=\"e-gallery-image elementor-gallery-item__image\" data-thumbnail=\"https:\/\/www.oasisdeamorypaz.org\/wp-content\/uploads\/2024\/05\/oasisdeamorypaz-casa-de-los-angeles-gallery-5.jpg\" data-width=\"1920\" data-height=\"1440\" aria-label=\"\" role=\"img\" ><\/div>\n\t\t\t\t\t\t\t\t\t\t\t<div class=\"elementor-gallery-item__overlay\"><\/div>\n\t\t\t\t\t\t\t\t\t\t\t\t\t\t<\/a>\n\t\t\t\t\t\t\t<a class=\"e-gallery-item elementor-gallery-item elementor-animated-content\" href=\"https:\/\/www.oasisdeamorypaz.org\/wp-content\/uploads\/2024\/05\/oasisdeamorypaz-casa-de-los-angeles-gallery-6.jpg\" data-elementor-open-lightbox=\"yes\" data-elementor-lightbox-slideshow=\"8705f65\" data-e-action-hash=\"#elementor-action%3Aaction%3Dlightbox%26settings%3DeyJpZCI6MzEzLCJ1cmwiOiJodHRwczpcL1wvd3d3Lm9hc2lzZGVhbW9yeXBhei5vcmdcL3dwLWNvbnRlbnRcL3VwbG9hZHNcLzIwMjRcLzA1XC9vYXNpc2RlYW1vcnlwYXotY2FzYS1kZS1sb3MtYW5nZWxlcy1nYWxsZXJ5LTYuanBnIiwic2xpZGVzaG93IjoiODcwNWY2NSJ9\">\n\t\t\t\t\t<div class=\"e-gallery-image elementor-gallery-item__image\" data-thumbnail=\"https:\/\/www.oasisdeamorypaz.org\/wp-content\/uploads\/2024\/05\/oasisdeamorypaz-casa-de-los-angeles-gallery-6.jpg\" data-width=\"1600\" data-height=\"1200\" aria-label=\"\" role=\"img\" ><\/div>\n\t\t\t\t\t\t\t\t\t\t\t<div class=\"elementor-gallery-item__overlay\"><\/div>\n\t\t\t\t\t\t\t\t\t\t\t\t\t\t<\/a>\n\t\t\t\t\t<\/div>\n\t\t\t<\/div>\n\t\t\t\t<\/div>\n\t\t\t\t\t<\/div>\n\t\t\t\t<\/div>\n\t\t\t\t<\/div>\n\t\t","protected":false},"excerpt":{"rendered":"<p>Le projet Casa De Los \u00c1ngeles La Casa de los \u00c1ngeles est le si\u00e8ge principal de la Fondation. Situ\u00e9e dans la ville de \u00c1brego, elle est n\u00e9e en 2007 gr\u00e2ce \u00e0 la collaboration des fid\u00e8les de la paroisse de Santa Maria degli Angeli, \u00e0 Sanremo en Italie. Cette structure se d\u00e9veloppe sur trois \u00e9tages: au premier \u00e9tage se trouvent les bureaux et les espaces communs, au deuxi\u00e8me les chambres \u00e0 coucher des enfants et au troisi\u00e8me la zone d\u00e9di\u00e9e \u00e0 l\u2019\u00e9ducation des jeunes avec la salle d\u2019\u00e9tude, la biblioth\u00e8que et la salle informatique. soutenir le projet<\/p>\n","protected":false},"author":1,"featured_media":0,"parent":0,"menu_order":0,"comment_status":"closed","ping_status":"closed","template":"","meta":{"footnotes":""},"class_list":["post-1157","page","type-page","status-publish","hentry"],"_links":{"self":[{"href":"https:\/\/www.oasisdeamorypaz.org\/fr\/wp-json\/wp\/v2\/pages\/1157","targetHints":{"allow":["GET"]}}],"collection":[{"href":"https:\/\/www.oasisdeamorypaz.org\/fr\/wp-json\/wp\/v2\/pages"}],"about":[{"href":"https:\/\/www.oasisdeamorypaz.org\/fr\/wp-json\/wp\/v2\/types\/page"}],"author":[{"embeddable":true,"href":"https:\/\/www.oasisdeamorypaz.org\/fr\/wp-json\/wp\/v2\/users\/1"}],"replies":[{"embeddable":true,"href":"https:\/\/www.oasisdeamorypaz.org\/fr\/wp-json\/wp\/v2\/comments?post=1157"}],"version-history":[{"count":6,"href":"https:\/\/www.oasisdeamorypaz.org\/fr\/wp-json\/wp\/v2\/pages\/1157\/revisions"}],"predecessor-version":[{"id":2027,"href":"https:\/\/www.oasisdeamorypaz.org\/fr\/wp-json\/wp\/v2\/pages\/1157\/revisions\/2027"}],"wp:attachment":[{"href":"https:\/\/www.oasisdeamorypaz.org\/fr\/wp-json\/wp\/v2\/media?parent=1157"}],"curies":[{"name":"wp","href":"https:\/\/api.w.org\/{rel}","templated":true}]}}